{"id":2784,"date":"2023-10-09T07:54:28","date_gmt":"2023-10-09T07:54:28","guid":{"rendered":"https:\/\/themeholy.com\/wordpress\/konta\/?page_id=2784"},"modified":"2024-07-31T22:38:06","modified_gmt":"2024-07-31T22:38:06","slug":"about-us","status":"publish","type":"page","link":"https:\/\/wsalbania.com\/?page_id=2784","title":{"rendered":"Rreth Nesh"},"content":{"rendered":"\t\t<div data-elementor-type=\"wp-page\" data-elementor-id=\"2784\" class=\"elementor elementor-2784\" data-elementor-post-type=\"page\">\n\t\t\t\t\t\t<section data-particle_enable=\"false\" data-particle-mobile-disabled=\"false\" class=\"elementor-section elementor-top-section elementor-element elementor-element-a7c31c3 elementor-section-full_width elementor-section-height-default elementor-section-height-default\" data-id=\"a7c31c3\" data-element_type=\"section\" data-settings=\"{&quot;background_background&quot;:&quot;classic&quot;}\">\n\t\t\t\t\t\t<div class=\"elementor-container elementor-column-gap-no\">\n\t\t\t\t\t<div class=\"elementor-column elementor-col-100 elementor-top-column elementor-element elementor-element-bc0bd27\" data-id=\"bc0bd27\" data-element_type=\"column\">\n\t\t\t<div class=\"elementor-widget-wrap elementor-element-populated\">\n\t\t\t\t\t\t<section data-particle_enable=\"false\" data-particle-mobile-disabled=\"false\" class=\"elementor-section elementor-inner-section elementor-element elementor-element-2a3f745 elementor-section-boxed elementor-section-height-default elementor-section-height-default\" data-id=\"2a3f745\" data-element_type=\"section\">\n\t\t\t\t\t\t<div class=\"elementor-container elementor-column-gap-no\">\n\t\t\t\t\t<div class=\"elementor-column elementor-col-50 elementor-inner-column elementor-element elementor-element-095a510\" data-id=\"095a510\" data-element_type=\"column\">\n\t\t\t<div class=\"elementor-widget-wrap elementor-element-populated\">\n\t\t\t\t\r\n\t\t<div class=\"elementor-element elementor-element-ca9850f elementor-widget elementor-widget-kontagroupimage\" data-id=\"ca9850f\" data-element_type=\"widget\" data-widget_type=\"kontagroupimage.default\">\n\t\t\t\t<div class=\"elementor-widget-container\">\n\t\t\t<div class=\"img-box1\"><div class=\"img1\"><img decoding=\"async\" src=\"https:\/\/wsalbania.com\/wp-content\/uploads\/2024\/07\/WhatsApp-Image-2024-07-25-at-17.02.31_7dbc162b.jpg\" alt=\"WhatsApp Image 2024 07 25 at 17.02.31_7dbc162b\"  class=\"tilt-active\" \/><\/div><div class=\"about-grid\"><h3 class=\"about-grid_year\"><span class=\"counter-number\">12<\/span>+<\/h3><p class=\"about-grid_text\">Vite Eksperience<\/p><\/div><div class=\"shape-mockup about-shape1 jump\" data-left=\"-67px\" data-bottom=\"0\"><img decoding=\"async\" src=\"https:\/\/themeholy.com\/wordpress\/konta\/wp-content\/uploads\/2023\/09\/about_1_shape1.png\" alt=\"about_1_shape1\"  \/><\/div><\/div>\t\t<\/div>\n\t\t\t\t<\/div>\n\t\t\t\t\t<\/div>\n\t\t<\/div>\n\t\t\t\t<div class=\"elementor-column elementor-col-50 elementor-inner-column elementor-element elementor-element-4714f0e\" data-id=\"4714f0e\" data-element_type=\"column\">\n\t\t\t<div class=\"elementor-widget-wrap elementor-element-populated\">\n\t\t\t\t\t\t<div class=\"elementor-element elementor-element-94d5b29 elementor-widget elementor-widget-kontasectiontitle\" data-id=\"94d5b29\" data-element_type=\"widget\" data-widget_type=\"kontasectiontitle.default\">\n\t\t\t\t<div class=\"elementor-widget-container\">\n\t\t\t<div class=\"title-area mb-30\" ><span class=\" sub-title subtitle-selector\">Rreth Nesh<\/span><h2 class=\"sec-title  title-selector\">Water Shop Albania<\/h2><\/div><p class=\"desc-selector\">WSA \u00ebsht\u00eb lider n\u00eb trajtimin e ujit n\u00eb Shqip\u00ebri, \u00ebsht\u00eb nj\u00eb institucion i dedikuar p\u00ebr individ\u00ebt, familjet dhe sip\u00ebrmarrjet q\u00eb d\u00ebshirojn\u00eb t\u00eb p\u00ebrmir\u00ebsojn\u00eb ujin e rubinetit, pajisjeve , makinerive t\u00eb tyre, dhe jo vet\u00ebm\u2026 \u00a0pa sakrifikuar rehatin\u00eb dhe cil\u00ebsin\u00eb.\n\nJemi nj\u00eb kompani e specializuar n\u00eb trajtimin e uj\u00ebrave t\u00eb ndotur si dhe jemi te specializuar ne projektimin, furnizimin, instalimin dhe mir\u00ebmbajtjen e sistemeve p\u00ebr trajtimin dhe filtrimin e uj\u00ebrave t\u00eb ndotur.<\/p>\t\t<\/div>\n\t\t\t\t<\/div>\n\t\t\t\t<div class=\"elementor-element elementor-element-cda0d3c elementor-widget elementor-widget-drillerfeature\" data-id=\"cda0d3c\" data-element_type=\"widget\" data-widget_type=\"drillerfeature.default\">\n\t\t\t\t<div class=\"elementor-widget-container\">\n\t\t\t<div class=\"about-feature\"><div class=\"about-feature_icon\"><img decoding=\"async\" src=\"https:\/\/themeholy.com\/wordpress\/konta\/wp-content\/uploads\/2023\/10\/a_feature_1_1.svg\" alt=\"a_feature_1_1\"  \/><\/div><div><h3 class=\"about-feature_title\">Misioni Yn\u00eb<\/h3><p class=\"about-feature_text\">T\u00eb ofrojm\u00eb zgjidhje t\u00eb sigurta dhe efektive p\u00ebr trajtimin e uj\u00ebrave t\u00eb ndotura, duke p\u00ebrmir\u00ebsuar cil\u00ebsin\u00eb e jet\u00ebs dhe mbrojtur mjedisin.<\/p><\/div><\/div><div class=\"about-feature\"><div class=\"about-feature_icon\"><img decoding=\"async\" src=\"https:\/\/themeholy.com\/wordpress\/konta\/wp-content\/uploads\/2023\/10\/a_feature_1_2.svg\" alt=\"a_feature_1_2\"  \/><\/div><div><h3 class=\"about-feature_title\">Eksperienca<\/h3><p class=\"about-feature_text\">Nj\u00eb p\u00ebrvoje 12 vje\u00e7are dhe produkte t\u00eb certifikuara italiane na b\u00ebjn\u00eb t\u00eb jemi m\u00eb t\u00eb mir\u00ebt n\u00eb k\u00ebt\u00eb fush\u00eb.<\/p><\/div><\/div>\t\t<\/div>\n\t\t\t\t<\/div>\n\t\t\t\t\t<\/div>\n\t\t<\/div>\n\t\t\t\t\t<\/div>\n\t\t<\/section>\n\t\t\t\t\t<\/div>\n\t\t<\/div>\n\t\t\t\t\t<\/div>\n\t\t<\/section>\n\t\t\t\t<section data-particle_enable=\"false\" data-particle-mobile-disabled=\"false\" class=\"elementor-section elementor-top-section elementor-element elementor-element-b4b3aeb elementor-section-full_width elementor-section-height-default elementor-section-height-default\" data-id=\"b4b3aeb\" data-element_type=\"section\">\n\t\t\t\t\t\t<div class=\"elementor-container elementor-column-gap-no\">\n\t\t\t\t\t<div class=\"elementor-column elementor-col-100 elementor-top-column elementor-element elementor-element-f03291b\" data-id=\"f03291b\" data-element_type=\"column\">\n\t\t\t<div class=\"elementor-widget-wrap elementor-element-populated\">\n\t\t\t\t\t\t<section data-particle_enable=\"false\" data-particle-mobile-disabled=\"false\" class=\"elementor-section elementor-inner-section elementor-element elementor-element-df7d9b2 elementor-section-full_width elementor-section-height-default elementor-section-height-default\" data-id=\"df7d9b2\" data-element_type=\"section\">\n\t\t\t\t\t\t<div class=\"elementor-container elementor-column-gap-no\">\n\t\t\t\t\t<div class=\"elementor-column elementor-col-100 elementor-inner-column elementor-element elementor-element-5a61228\" data-id=\"5a61228\" data-element_type=\"column\">\n\t\t\t<div class=\"elementor-widget-wrap elementor-element-populated\">\n\t\t\t\t\t\t<div class=\"elementor-element elementor-element-c7fc1c9 elementor-widget elementor-widget-kontacounterup\" data-id=\"c7fc1c9\" data-element_type=\"widget\" data-widget_type=\"kontacounterup.default\">\n\t\t\t\t<div class=\"elementor-widget-container\">\n\t\t\t<div class=\"z-index-common\"><div class=\"container th-container2\"><div class=\"counter-area-4\"><div class=\"row align-items-center justify-content-between\"><div class=\"col-xl-5\"><div class=\"title-area mb-xl-0 text-center text-xl-start mb-50\"><span class=\"sub-title4\">Arritjet e Kompanis\u00eb son\u00eb<\/span><h2 class=\"sec-title fw-semibold\">Forca industriale, Ndikimi Global<\/h2><a href=\"\/kontakt\/\" class=\"th-btn mt-10\">Ler nje takim<i class=\"fa-regular fa-arrow-right ms-2\"><\/i><\/a><\/div><\/div><div class=\"col-xl-7\"><div class=\"counter-wrap4\"><div class=\"row\"><div class=\"col-sm-6 counter-grid-wrap\"><div class=\"counter-grid style4\"><div class=\"counter-grid_icon\"><img decoding=\"async\" src=\"https:\/\/themeholy.com\/wordpress\/konta\/wp-content\/uploads\/2023\/09\/counter-icon4-1.svg\" alt=\"counter icon4 1\"  \/><\/div><div class=\"details\"><h2 class=\"counter-grid_number\"><span class=\"counter-number number-selector\">400<\/span><span class=\"text-theme fw-normal\">+<\/span><\/h2><p class=\"counter-grid_text title-selector\">Projektet e p\u00ebrfunduara<\/p><\/div><\/div><\/div><div class=\"col-sm-6 counter-grid-wrap\"><div class=\"counter-grid style4\"><div class=\"counter-grid_icon\"><img decoding=\"async\" src=\"https:\/\/themeholy.com\/wordpress\/konta\/wp-content\/uploads\/2023\/09\/counter-icon4-2.svg\" alt=\"counter icon4 2\"  \/><\/div><div class=\"details\"><h2 class=\"counter-grid_number\"><span class=\"counter-number number-selector\">20<\/span><span class=\"text-theme fw-normal\"><\/span><\/h2><p class=\"counter-grid_text title-selector\">Grupi jone<\/p><\/div><\/div><\/div><div class=\"col-sm-6 counter-grid-wrap\"><div class=\"counter-grid style4\"><div class=\"counter-grid_icon\"><img decoding=\"async\" src=\"https:\/\/themeholy.com\/wordpress\/konta\/wp-content\/uploads\/2023\/09\/counter-icon4-3.svg\" alt=\"counter icon4 3\"  \/><\/div><div class=\"details\"><h2 class=\"counter-grid_number\"><span class=\"counter-number number-selector\">2.5<\/span>k<span class=\"text-theme fw-normal\">+<\/span><\/h2><p class=\"counter-grid_text title-selector\">Klient\u00ebt jan\u00eb t\u00eb lumtur<\/p><\/div><\/div><\/div><div class=\"col-sm-6 counter-grid-wrap\"><div class=\"counter-grid style4\"><div class=\"counter-grid_icon\"><img decoding=\"async\" src=\"https:\/\/themeholy.com\/wordpress\/konta\/wp-content\/uploads\/2023\/09\/counter-icon4-4.svg\" alt=\"counter icon4 4\"  \/><\/div><div class=\"details\"><p class=\"counter-grid_text title-selector\">Cilesi &amp; Superioritet<\/p><\/div><\/div><\/div><\/div><\/div><\/div><\/div><\/div><\/div><\/div>\t\t<\/div>\n\t\t\t\t<\/div>\n\t\t\t\t\t<\/div>\n\t\t<\/div>\n\t\t\t\t\t<\/div>\n\t\t<\/section>\n\t\t\t\t\t<\/div>\n\t\t<\/div>\n\t\t\t\t\t<\/div>\n\t\t<\/section>\n\t\t\t\t<section data-particle_enable=\"false\" data-particle-mobile-disabled=\"false\" class=\"elementor-section elementor-top-section elementor-element elementor-element-f7a2216 elementor-section-full_width elementor-section-height-default elementor-section-height-default\" data-id=\"f7a2216\" data-element_type=\"section\" data-settings=\"{&quot;background_background&quot;:&quot;classic&quot;}\">\n\t\t\t\t\t\t<div class=\"elementor-container elementor-column-gap-no\">\n\t\t\t\t\t<div class=\"elementor-column elementor-col-100 elementor-top-column elementor-element elementor-element-55e79f3\" data-id=\"55e79f3\" data-element_type=\"column\">\n\t\t\t<div class=\"elementor-widget-wrap elementor-element-populated\">\n\t\t\t\t\t\t<section data-particle_enable=\"false\" data-particle-mobile-disabled=\"false\" class=\"elementor-section elementor-inner-section elementor-element elementor-element-e86be88 elementor-section-boxed elementor-section-height-default elementor-section-height-default\" data-id=\"e86be88\" data-element_type=\"section\">\n\t\t\t\t\t\t<div class=\"elementor-container elementor-column-gap-no\">\n\t\t\t\t\t<div class=\"elementor-column elementor-col-100 elementor-inner-column elementor-element elementor-element-f0e4ceb\" data-id=\"f0e4ceb\" data-element_type=\"column\">\n\t\t\t<div class=\"elementor-widget-wrap elementor-element-populated\">\n\t\t\t\t\t\t<div class=\"elementor-element elementor-element-8e2257d elementor-widget elementor-widget-kontasectiontitle\" data-id=\"8e2257d\" data-element_type=\"widget\" data-widget_type=\"kontasectiontitle.default\">\n\t\t\t\t<div class=\"elementor-widget-container\">\n\t\t\t<div class=\"title-area mb-md-0\" ><span class=\" sub-title4 subtitle-selector\">WSA<\/span><h2 class=\"sec-title fw-semibold title-selector\">Procesi i punes<\/h2><\/div>\t\t<\/div>\n\t\t\t\t<\/div>\n\t\t\t\t\t<\/div>\n\t\t<\/div>\n\t\t\t\t\t<\/div>\n\t\t<\/section>\n\t\t\t\t<section data-particle_enable=\"false\" data-particle-mobile-disabled=\"false\" class=\"elementor-section elementor-inner-section elementor-element elementor-element-001c310 elementor-section-boxed elementor-section-height-default elementor-section-height-default\" data-id=\"001c310\" data-element_type=\"section\">\n\t\t\t\t\t\t<div class=\"elementor-container elementor-column-gap-no\">\n\t\t\t\t\t<div class=\"elementor-column elementor-col-100 elementor-inner-column elementor-element elementor-element-8577a2d\" data-id=\"8577a2d\" data-element_type=\"column\">\n\t\t\t<div class=\"elementor-widget-wrap elementor-element-populated\">\n\t\t\t\t\t\t<div class=\"elementor-element elementor-element-083e7ab elementor-widget elementor-widget-kontaworkprocess\" data-id=\"083e7ab\" data-element_type=\"widget\" data-widget_type=\"kontaworkprocess.default\">\n\t\t\t\t<div class=\"elementor-widget-container\">\n\t\t\t<div class=\"process-card-area\"><div class=\"row gy-50 justify-content-center\"><div class=\"col-md-6 col-xl-3\"><div class=\"process-card\"><div class=\"process-card_bg-shape\"><img decoding=\"async\" src=\"https:\/\/themeholy.com\/wordpress\/konta\/wp-content\/uploads\/2023\/09\/price_card_bg_1.png\" alt=\"price_card_bg_1\"  \/><\/div><div class=\"process-card_icon\"><img decoding=\"async\" src=\"https:\/\/themeholy.com\/wordpress\/konta\/wp-content\/uploads\/2023\/09\/process-icon-1-1.svg\" alt=\"process icon 1 1\"  \/><\/div><span class=\"process-card_subtitle\">Step - 01<\/span><h4 class=\"process-card_title title-selector\">Analizojm\u00eb Problematikat <\/h4><\/div><\/div><div class=\"col-md-6 col-xl-3\"><div class=\"process-card\"><div class=\"process-card_bg-shape\"><img decoding=\"async\" src=\"https:\/\/themeholy.com\/wordpress\/konta\/wp-content\/uploads\/2023\/09\/price_card_bg_1.png\" alt=\"price_card_bg_1\"  \/><\/div><div class=\"process-card_icon\"><img decoding=\"async\" src=\"https:\/\/themeholy.com\/wordpress\/konta\/wp-content\/uploads\/2023\/09\/process-icon-1-2.svg\" alt=\"process icon 1 2\"  \/><\/div><span class=\"process-card_subtitle\">Step - 02<\/span><h4 class=\"process-card_title title-selector\">Diskutojm\u00eb Zgjidhjet e mundshme <\/h4><\/div><\/div><div class=\"col-md-6 col-xl-3\"><div class=\"process-card\"><div class=\"process-card_bg-shape\"><img decoding=\"async\" src=\"https:\/\/themeholy.com\/wordpress\/konta\/wp-content\/uploads\/2023\/09\/price_card_bg_1.png\" alt=\"price_card_bg_1\"  \/><\/div><div class=\"process-card_icon\"><img decoding=\"async\" src=\"https:\/\/themeholy.com\/wordpress\/konta\/wp-content\/uploads\/2023\/09\/process-icon-1-4.svg\" alt=\"process icon 1 4\"  \/><\/div><span class=\"process-card_subtitle\">Step - 03<\/span><h4 class=\"process-card_title title-selector\">Dakort\u00ebsohemi &amp; Projektojm\u00eb <\/h4><\/div><\/div><div class=\"col-md-6 col-xl-3\"><div class=\"process-card\"><div class=\"process-card_bg-shape\"><img decoding=\"async\" src=\"https:\/\/themeholy.com\/wordpress\/konta\/wp-content\/uploads\/2023\/09\/price_card_bg_1.png\" alt=\"price_card_bg_1\"  \/><\/div><div class=\"process-card_icon\"><img decoding=\"async\" src=\"https:\/\/themeholy.com\/wordpress\/konta\/wp-content\/uploads\/2023\/09\/process-icon-1-3.svg\" alt=\"process icon 1 3\"  \/><\/div><span class=\"process-card_subtitle\">Step - 04<\/span><h4 class=\"process-card_title title-selector\">Realizojm\u00eb me efikasitet <\/h4><\/div><\/div><\/div><\/div>\t\t<\/div>\n\t\t\t\t<\/div>\n\t\t\t\t\t<\/div>\n\t\t<\/div>\n\t\t\t\t\t<\/div>\n\t\t<\/section>\n\t\t\t\t\t<\/div>\n\t\t<\/div>\n\t\t\t\t\t<\/div>\n\t\t<\/section>\n\t\t\t\t<section data-particle_enable=\"false\" data-particle-mobile-disabled=\"false\" class=\"elementor-section elementor-top-section elementor-element elementor-element-4efca44 elementor-section-boxed elementor-section-height-default elementor-section-height-default\" data-id=\"4efca44\" data-element_type=\"section\">\n\t\t\t\t\t\t<div class=\"elementor-container elementor-column-gap-default\">\n\t\t\t\t\t<div class=\"elementor-column elementor-col-100 elementor-top-column elementor-element elementor-element-57b23dd\" data-id=\"57b23dd\" data-element_type=\"column\">\n\t\t\t<div class=\"elementor-widget-wrap elementor-element-populated\">\n\t\t\t\t\t\t<div class=\"elementor-element elementor-element-ad824e9 contact-wrap2 elementor-widget elementor-widget-kontacontactform\" data-id=\"ad824e9\" data-element_type=\"widget\" data-widget_type=\"kontacontactform.default\">\n\t\t\t\t<div class=\"elementor-widget-container\">\n\t\t\t<div class=\"wcu-contact-wrap bg-white\"><div class=\"contact-form-wrap\"><h2 class=\"title h4 text-center\">Kerkoni preventiv<\/h2><div class=\"contact-form\">\n<div class=\"wpcf7 no-js\" id=\"wpcf7-f1176-o1\" lang=\"en-US\" dir=\"ltr\">\n<div class=\"screen-reader-response\"><p role=\"status\" aria-live=\"polite\" aria-atomic=\"true\"><\/p> <ul><\/ul><\/div>\n<form action=\"\/index.php?rest_route=%2Fwp%2Fv2%2Fpages%2F2784#wpcf7-f1176-o1\" method=\"post\" class=\"wpcf7-form init\" aria-label=\"Contact form\" novalidate=\"novalidate\" data-status=\"init\">\n<div style=\"display: none;\">\n<input type=\"hidden\" name=\"_wpcf7\" value=\"1176\" \/>\n<input type=\"hidden\" name=\"_wpcf7_version\" value=\"5.9.8\" \/>\n<input type=\"hidden\" name=\"_wpcf7_locale\" value=\"en_US\" \/>\n<input type=\"hidden\" name=\"_wpcf7_unit_tag\" value=\"wpcf7-f1176-o1\" \/>\n<input type=\"hidden\" name=\"_wpcf7_container_post\" value=\"0\" \/>\n<input type=\"hidden\" name=\"_wpcf7_posted_data_hash\" value=\"\" \/>\n<\/div>\n<div class=\"contact-form\">\n    <div class=\"row\">\n        <div class=\"col-md-6\">\n            <div class=\"form-group\">\n                <span class=\"wpcf7-form-control-wrap\" data-name=\"text-898\"><input size=\"40\" maxlength=\"400\" class=\"wpcf7-form-control wpcf7-text wpcf7-validates-as-required form-control\" id=\"text-898\" aria-required=\"true\" aria-invalid=\"false\" placeholder=\"Your Name*\" value=\"\" type=\"text\" name=\"text-898\" \/><\/span><i class=\"fal fa-user\"><\/i>\n            <\/div>\n        <\/div>\n        <div class=\"col-md-6\">\n            <div class=\"form-group\">\n                <span class=\"wpcf7-form-control-wrap\" data-name=\"email-432\"><input size=\"40\" maxlength=\"400\" class=\"wpcf7-form-control wpcf7-email wpcf7-validates-as-required wpcf7-text wpcf7-validates-as-email form-control\" id=\"email-432\" aria-required=\"true\" aria-invalid=\"false\" placeholder=\"Email Address*\" value=\"\" type=\"email\" name=\"email-432\" \/><\/span><i class=\"fal fa-envelope\"><\/i>\n            <\/div>\n        <\/div>\n       \n        <div class=\"col-md-6\">\n            <div class=\"form-group\">\n                <span class=\"wpcf7-form-control-wrap\" data-name=\"tel-602\"><input size=\"40\" maxlength=\"400\" class=\"wpcf7-form-control wpcf7-tel wpcf7-validates-as-required wpcf7-text wpcf7-validates-as-tel form-control\" id=\"tel-602\" aria-required=\"true\" aria-invalid=\"false\" value=\"Phone Number*\" type=\"tel\" name=\"tel-602\" \/><\/span><i class=\"fal fa-phone\"><\/i>\n            <\/div>\n        <\/div>\n        <div class=\"col-12\">\n            <div class=\"form-group \">\n                <span class=\"wpcf7-form-control-wrap\" data-name=\"textarea-922\"><textarea cols=\"40\" rows=\"10\" maxlength=\"2000\" class=\"wpcf7-form-control wpcf7-textarea wpcf7-validates-as-required form-control\" id=\"textarea-922\" aria-required=\"true\" aria-invalid=\"false\" placeholder=\"Write Your Message*\" name=\"textarea-922\"><\/textarea><\/span><i class=\"fal fa-pen\"><\/i>\n            <\/div>\n        <\/div>\n        <div class=\"form-btn col-12\">\n            <button class=\"th-btn w-100 wpcf7\">Send Message<i class=\"fas fa-long-arrow-right ms-2\"><\/i><\/button>\n        <\/div>\n    <\/div>\n    <p class=\"form-messages mb-0 mt-3\"><\/p>\n<\/div><div class=\"wpcf7-response-output\" aria-hidden=\"true\"><\/div>\n<\/form>\n<\/div>\n<\/div><\/div><\/div>\t\t<\/div>\n\t\t\t\t<\/div>\n\t\t\t\t\t<\/div>\n\t\t<\/div>\n\t\t\t\t\t<\/div>\n\t\t<\/section>\n\t\t\t\t<\/div>\n\t\t","protected":false},"excerpt":{"rendered":"<p>12+ Vite Eksperience Rreth Nesh Water Shop Albania WSA \u00ebsht\u00eb lider n\u00eb trajtimin e ujit n\u00eb Shqip\u00ebri, \u00ebsht\u00eb nj\u00eb institucion i dedikuar p\u00ebr individ\u00ebt, familjet dhe sip\u00ebrmarrjet q\u00eb d\u00ebshirojn\u00eb t\u00eb p\u00ebrmir\u00ebsojn\u00eb ujin e rubinetit, pajisjeve , makinerive t\u00eb tyre, dhe jo vet\u00ebm\u2026 \u00a0pa sakrifikuar rehatin\u00eb dhe cil\u00ebsin\u00eb. Jemi nj\u00eb kompani e specializuar n\u00eb trajtimin e&#8230;<\/p>\n","protected":false},"author":1,"featured_media":0,"parent":0,"menu_order":0,"comment_status":"closed","ping_status":"closed","template":"template-builder.php","meta":{"footnotes":""},"class_list":["post-2784","page","type-page","status-publish","hentry"],"_links":{"self":[{"href":"https:\/\/wsalbania.com\/index.php?rest_route=\/wp\/v2\/pages\/2784","targetHints":{"allow":["GET"]}}],"collection":[{"href":"https:\/\/wsalbania.com\/index.php?rest_route=\/wp\/v2\/pages"}],"about":[{"href":"https:\/\/wsalbania.com\/index.php?rest_route=\/wp\/v2\/types\/page"}],"author":[{"embeddable":true,"href":"https:\/\/wsalbania.com\/index.php?rest_route=\/wp\/v2\/users\/1"}],"replies":[{"embeddable":true,"href":"https:\/\/wsalbania.com\/index.php?rest_route=%2Fwp%2Fv2%2Fcomments&post=2784"}],"version-history":[{"count":0,"href":"https:\/\/wsalbania.com\/index.php?rest_route=\/wp\/v2\/pages\/2784\/revisions"}],"wp:attachment":[{"href":"https:\/\/wsalbania.com\/index.php?rest_route=%2Fwp%2Fv2%2Fmedia&parent=2784"}],"curies":[{"name":"wp","href":"https:\/\/api.w.org\/{rel}","templated":true}]}}