{"id":2850,"date":"2023-10-09T09:54:36","date_gmt":"2023-10-09T09:54:36","guid":{"rendered":"https:\/\/themeholy.com\/wordpress\/konta\/?page_id=2850"},"modified":"2024-08-03T17:05:01","modified_gmt":"2024-08-03T17:05:01","slug":"sherbime-single","status":"publish","type":"page","link":"https:\/\/wsalbania.com\/?page_id=2850","title":{"rendered":"Trajtimi i Uj\u00ebrave t\u00eb Zeza me Llum Aktiv"},"content":{"rendered":"\t\t<div data-elementor-type=\"wp-page\" data-elementor-id=\"2850\" class=\"elementor elementor-2850\" data-elementor-post-type=\"page\">\n\t\t\t\t\t\t<section data-particle_enable=\"false\" data-particle-mobile-disabled=\"false\" class=\"elementor-section elementor-top-section elementor-element elementor-element-00cbebf elementor-section-full_width elementor-section-height-default elementor-section-height-default\" data-id=\"00cbebf\" data-element_type=\"section\">\n\t\t\t\t\t\t<div class=\"elementor-container elementor-column-gap-no\">\n\t\t\t\t\t<div class=\"elementor-column elementor-col-100 elementor-top-column elementor-element elementor-element-3f7a7e7\" data-id=\"3f7a7e7\" data-element_type=\"column\">\n\t\t\t<div class=\"elementor-widget-wrap elementor-element-populated\">\n\t\t\t\t\t\t<section data-particle_enable=\"false\" data-particle-mobile-disabled=\"false\" class=\"elementor-section elementor-inner-section elementor-element elementor-element-5ac9ab4 elementor-section-boxed elementor-section-height-default elementor-section-height-default\" data-id=\"5ac9ab4\" data-element_type=\"section\">\n\t\t\t\t\t\t<div class=\"elementor-container elementor-column-gap-default\">\n\t\t\t\t\t<div class=\"elementor-column elementor-col-50 elementor-inner-column elementor-element elementor-element-86b3017\" data-id=\"86b3017\" data-element_type=\"column\">\n\t\t\t<div class=\"elementor-widget-wrap elementor-element-populated\">\n\t\t\t\t\r\n\t\t<div class=\"elementor-element elementor-element-1eda0ab elementor-widget elementor-widget-kontaimage\" data-id=\"1eda0ab\" data-element_type=\"widget\" data-widget_type=\"kontaimage.default\">\n\t\t\t\t<div class=\"elementor-widget-container\">\n\t\t\t<!-- Image --><div class=\"custom_css_handelar page-img mb-30\"><img decoding=\"async\" class=\"\" src=\"https:\/\/wsalbania.com\/wp-content\/uploads\/2024\/07\/Untitled-design-2.png\" alt=\"Untitled design 2\" ><\/div><!-- End Image -->\t\t<\/div>\n\t\t\t\t<\/div>\n\t\t\t\t<div class=\"elementor-element elementor-element-c8c7aa6 elementor-widget elementor-widget-text-editor\" data-id=\"c8c7aa6\" data-element_type=\"widget\" data-widget_type=\"text-editor.default\">\n\t\t\t\t<div class=\"elementor-widget-container\">\n\t\t\t<style>\/*! elementor - v3.20.0 - 11-03-2024 *\/\n.elementor-widget-text-editor.elementor-drop-cap-view-stacked .elementor-drop-cap{background-color:#69727d;color:#fff}.elementor-widget-text-editor.elementor-drop-cap-view-framed .elementor-drop-cap{color:#69727d;border:3px solid;background-color:transparent}.elementor-widget-text-editor:not(.elementor-drop-cap-view-default) .elementor-drop-cap{margin-top:8px}.elementor-widget-text-editor:not(.elementor-drop-cap-view-default) .elementor-drop-cap-letter{width:1em;height:1em}.elementor-widget-text-editor .elementor-drop-cap{float:left;text-align:center;line-height:1;font-size:50px}.elementor-widget-text-editor .elementor-drop-cap-letter{display:inline-block}<\/style>\t\t\t\t<p><strong>Trajtimi i Uj\u00ebrave t\u00eb Zeza me Llum Aktiv<\/strong><\/p><p>Trajtimi i uj\u00ebrave t\u00eb zeza me llum aktiv \u00ebsht\u00eb nj\u00eb metod\u00eb e avancuar biologjike q\u00eb p\u00ebrdoret p\u00ebr t\u00eb pastruar uj\u00ebrat e ndotura duke p\u00ebrdorur mikroorganizma p\u00ebr t\u00eb dekompozuar materialet organike. Ky proces \u00ebsht\u00eb i ndar\u00eb n\u00eb disa hapa kryesor\u00eb q\u00eb sigurojn\u00eb efikasitetin dhe q\u00ebndrueshm\u00ebrin\u00eb e sistemit:<\/p><ol><li><p><strong>Paratrajtimi<\/strong>: Ky hap p\u00ebrfshin largimin e mbetjeve t\u00eb m\u00ebdha dhe t\u00eb ngurta nga uji i ndotur p\u00ebrmes grilave dhe sedimentimit paraprak. Kjo ndihmon n\u00eb parandalimin e bllokimit t\u00eb pajisjeve dhe n\u00eb p\u00ebrgatitjen e ujit p\u00ebr trajtimin e m\u00ebtejsh\u00ebm.<\/p><\/li><li><p><strong>Rezervuari i aerimit<\/strong>: Uji i ndotur hyn n\u00eb nj\u00eb rezervuar t\u00eb madh ku p\u00ebrzihet me llumin aktiv, i cili p\u00ebrmban baktere dhe mikroorganizma t\u00eb tjer\u00eb. Aerimi \u00ebsht\u00eb esencial n\u00eb k\u00ebt\u00eb faz\u00eb, pasi siguron oksigjenin e nevojsh\u00ebm p\u00ebr mikroorganizmat q\u00eb konsumojn\u00eb dhe dekompozojn\u00eb materialet organike n\u00eb uj\u00eb. Kjo krijon nj\u00eb mjedis t\u00eb favorsh\u00ebm p\u00ebr aktivitetin mikrobial dhe p\u00ebrshpejton procesin e trajtimit.<\/p><\/li><li><p><strong>Sedimentimi sekondar<\/strong>: Pas kalimit n\u00ebp\u00ebr rezervuarin e aerimit, uji i p\u00ebrzier shkon n\u00eb nj\u00eb rezervuar sedimentimi ku llumi aktiv bie n\u00eb fund dhe ndan ujin e pastruar nga llumi. Llumi i kthyer, i cili p\u00ebrmban mikroorganizma aktiv\u00eb, kthehet n\u00eb rezervuarin e aerimit p\u00ebr t\u00eb vazhduar procesin e trajtimit, nd\u00ebrsa llumi i tep\u00ebrt largohet p\u00ebr trajtim t\u00eb m\u00ebtejsh\u00ebm ose asgj\u00ebsim.<\/p><\/li><li><p><strong>Trajtimi terciar (opsional)<\/strong>: N\u00ebse k\u00ebrkohet nj\u00eb cil\u00ebsi m\u00eb e lart\u00eb e ujit t\u00eb pastruar, mund t\u00eb kryhet nj\u00eb trajtim terciar q\u00eb p\u00ebrfshin filtrimin e m\u00ebtejsh\u00ebm, dezinfektimin me klor ose UV, dhe ndonj\u00ebher\u00eb largimin e nutrient\u00ebve shtes\u00eb. Kjo faz\u00eb siguron q\u00eb uji t\u00eb plot\u00ebsoj\u00eb standardet m\u00eb t\u00eb larta t\u00eb cil\u00ebsis\u00eb p\u00ebr lirimin n\u00eb mjedis ose p\u00ebrdorime t\u00eb tjera.<\/p><\/li><li><p><strong>Dezinfektimi<\/strong>: Si hap p\u00ebrfundimtar, uji i pastruar mund t\u00eb dezinfektohet p\u00ebr t\u00eb eliminuar patogjen\u00ebt e mbetur p\u00ebrpara se t\u00eb lirohet n\u00eb mjedis ose t\u00eb p\u00ebrdoret p\u00ebr q\u00ebllime t\u00eb tjera. Kjo faz\u00eb siguron q\u00eb uji t\u00eb jet\u00eb i sigurt dhe i past\u00ebr p\u00ebr p\u00ebrdorim t\u00eb m\u00ebtejsh\u00ebm.<\/p><\/li><\/ol><p>Ky proces \u00ebsht\u00eb efektiv p\u00ebr trajtimin e uj\u00ebrave t\u00eb zeza n\u00eb komunitetet urbane dhe industriale dhe ndihmon n\u00eb mbrojtjen e burimeve ujore dhe mjedisit nga ndotja. Mir\u00ebmbajtja e rregullt dhe monitorimi i sistemit jan\u00eb thelb\u00ebsore p\u00ebr t\u00eb siguruar funksionimin efikas dhe t\u00eb q\u00ebndruesh\u00ebm t\u00eb tij.<\/p>\t\t\t\t\t\t<\/div>\n\t\t\t\t<\/div>\n\t\t\t\t\t<\/div>\n\t\t<\/div>\n\t\t\t\t<div class=\"elementor-column elementor-col-50 elementor-inner-column elementor-element elementor-element-3e9a2be service-sidebar sidebar-area\" data-id=\"3e9a2be\" data-element_type=\"column\">\n\t\t\t<div class=\"elementor-widget-wrap elementor-element-populated\">\n\t\t\t\t\t\t<div class=\"elementor-element elementor-element-d4ff3e9 elementor-widget elementor-widget-text-editor\" data-id=\"d4ff3e9\" data-element_type=\"widget\" data-widget_type=\"text-editor.default\">\n\t\t\t\t<div class=\"elementor-widget-container\">\n\t\t\t\t\t\t\t<div class=\" widget_banner \" data-overlay=\"title\" data-opacity=\"8\" data-bg-src=\"https:\/\/themeholy.com\/wordpress\/konta\/wp-content\/uploads\/2023\/10\/widget-banner-bg.png\"><div class=\"widget-banner\"><h4 class=\"title\">Deshironi te merrni informacione rreth sherbimeve tona?<\/h4><p><a href=\"tel:&quot;+355682028282&quot;\">+355 68 202 8282\u00a0\u00a0<\/a><\/p><a href=\"https:\/\/wa.me\/+355689494846\">+355 68 949 4846<\/a><br \/><p><a class=\"th-btn style3\" href=\"https:\/\/themeholy.com\/wordpress\/konta\/contact\">Na kontaktoni<i class=\"far fa-arrow-right ms-1\"><\/i><\/a><\/p><\/div><\/div>\t\t\t\t\t\t<\/div>\n\t\t\t\t<\/div>\n\t\t\t\t\t<\/div>\n\t\t<\/div>\n\t\t\t\t\t<\/div>\n\t\t<\/section>\n\t\t\t\t\t<\/div>\n\t\t<\/div>\n\t\t\t\t\t<\/div>\n\t\t<\/section>\n\t\t\t\t<\/div>\n\t\t","protected":false},"excerpt":{"rendered":"<p>Trajtimi i Uj\u00ebrave t\u00eb Zeza me Llum Aktiv Trajtimi i uj\u00ebrave t\u00eb zeza me llum aktiv \u00ebsht\u00eb nj\u00eb metod\u00eb e avancuar biologjike q\u00eb p\u00ebrdoret p\u00ebr t\u00eb pastruar uj\u00ebrat e ndotura duke p\u00ebrdorur mikroorganizma p\u00ebr t\u00eb dekompozuar materialet organike. Ky proces \u00ebsht\u00eb i ndar\u00eb n\u00eb disa hapa kryesor\u00eb q\u00eb sigurojn\u00eb efikasitetin dhe q\u00ebndrueshm\u00ebrin\u00eb e sistemit: Paratrajtimi:&#8230;<\/p>\n","protected":false},"author":1,"featured_media":0,"parent":0,"menu_order":0,"comment_status":"closed","ping_status":"closed","template":"template-builder.php","meta":{"footnotes":""},"class_list":["post-2850","page","type-page","status-publish","hentry"],"_links":{"self":[{"href":"https:\/\/wsalbania.com\/index.php?rest_route=\/wp\/v2\/pages\/2850","targetHints":{"allow":["GET"]}}],"collection":[{"href":"https:\/\/wsalbania.com\/index.php?rest_route=\/wp\/v2\/pages"}],"about":[{"href":"https:\/\/wsalbania.com\/index.php?rest_route=\/wp\/v2\/types\/page"}],"author":[{"embeddable":true,"href":"https:\/\/wsalbania.com\/index.php?rest_route=\/wp\/v2\/users\/1"}],"replies":[{"embeddable":true,"href":"https:\/\/wsalbania.com\/index.php?rest_route=%2Fwp%2Fv2%2Fcomments&post=2850"}],"version-history":[{"count":3,"href":"https:\/\/wsalbania.com\/index.php?rest_route=\/wp\/v2\/pages\/2850\/revisions"}],"predecessor-version":[{"id":5292,"href":"https:\/\/wsalbania.com\/index.php?rest_route=\/wp\/v2\/pages\/2850\/revisions\/5292"}],"wp:attachment":[{"href":"https:\/\/wsalbania.com\/index.php?rest_route=%2Fwp%2Fv2%2Fmedia&parent=2850"}],"curies":[{"name":"wp","href":"https:\/\/api.w.org\/{rel}","templated":true}]}}