{"id":4957,"date":"2024-07-31T21:24:58","date_gmt":"2024-07-31T21:24:58","guid":{"rendered":"https:\/\/wsalbania.com\/?page_id=4957"},"modified":"2024-07-31T22:38:31","modified_gmt":"2024-07-31T22:38:31","slug":"produkte","status":"publish","type":"page","link":"https:\/\/wsalbania.com\/?page_id=4957","title":{"rendered":"Produkte"},"content":{"rendered":"\t\t<div data-elementor-type=\"wp-page\" data-elementor-id=\"4957\" class=\"elementor elementor-4957\" data-elementor-post-type=\"page\">\n\t\t\t\t\t\t<section data-particle_enable=\"false\" data-particle-mobile-disabled=\"false\" class=\"elementor-section elementor-top-section elementor-element elementor-element-e779752 elementor-section-boxed elementor-section-height-default elementor-section-height-default\" data-id=\"e779752\" data-element_type=\"section\">\n\t\t\t\t\t\t<div class=\"elementor-container elementor-column-gap-default\">\n\t\t\t\t\t<div class=\"elementor-column elementor-col-100 elementor-top-column elementor-element elementor-element-75c7722\" data-id=\"75c7722\" data-element_type=\"column\">\n\t\t\t<div class=\"elementor-widget-wrap elementor-element-populated\">\n\t\t\t\t\r\n\t\t<div class=\"elementor-element elementor-element-1025e34 eael-product-grid-column-4 elementor-widget elementor-widget-eicon-woocommerce\" data-id=\"1025e34\" data-element_type=\"widget\" data-widget_type=\"eicon-woocommerce.default\">\n\t\t\t\t<div class=\"elementor-widget-container\">\n\t\t\t\n        <div class=\"eael-product-grid eael-product-simple grid\" id=\"eael-product-grid\" data-widget-id=\"1025e34\" data-page-id=\"4957\" data-nonce=\"a4acbf8bdc\" >\n            <div class=\"woocommerce\">\n                <ul class=\"products\" data-layout-mode=\"grid\">    <li class=\"product \">\n\t\t        <div class=\"eael-product-wrap\">\n\t\t\t<img fetchpriority=\"high\" decoding=\"async\" width=\"250\" height=\"200\" src=\"https:\/\/wsalbania.com\/wp-content\/uploads\/2024\/07\/22.jpg\" class=\"attachment-woocommerce_thumbnail size-woocommerce_thumbnail wvs-archive-product-image\" alt=\"\" loading=\"eager\" \/><div class=\"eael-product-title\">\n            <a href=\"https:\/\/wsalbania.com\/?product=impiant-fitodepurimi-horizontal\" class=\"woocommerce-LoopProduct-link woocommerce-loop-product__link\"><h2 class=\"woocommerce-loop-product__title\">Impiant Fitodepurimi horizontal<\/h2><\/a>\n            <\/div>\t\t\t<a href=\"https:\/\/wsalbania.com\/?product=impiant-fitodepurimi-horizontal\" data-quantity=\"1\" class=\"cart-button icon-btn product_type_simple\" data-product_id=\"4909\" data-product_sku=\"\" aria-label=\"Read more about &ldquo;Impiant Fitodepurimi horizontal&rdquo;\" rel=\"nofollow\"><i class=\"far fa-cart-plus\"><\/i><\/a>\t\t\t\n        <\/div>\n\n    <\/li>\n\t    <li class=\"product \">\n\t\t        <div class=\"eael-product-wrap\">\n\t\t\t<img decoding=\"async\" width=\"250\" height=\"200\" src=\"https:\/\/wsalbania.com\/wp-content\/uploads\/2024\/07\/21.jpg\" class=\"attachment-woocommerce_thumbnail size-woocommerce_thumbnail wvs-archive-product-image\" alt=\"\" loading=\"eager\" \/><div class=\"eael-product-title\">\n            <a href=\"https:\/\/wsalbania.com\/?product=filter-perkolator-aerobik-me-dalje-larte-me-sedimentim\" class=\"woocommerce-LoopProduct-link woocommerce-loop-product__link\"><h2 class=\"woocommerce-loop-product__title\">Filt\u00ebr Perkolator Aerobik me dalje lart\u00eb me Sedimentim<\/h2><\/a>\n            <\/div>\t\t\t<a href=\"https:\/\/wsalbania.com\/?product=filter-perkolator-aerobik-me-dalje-larte-me-sedimentim\" data-quantity=\"1\" class=\"cart-button icon-btn product_type_simple\" data-product_id=\"4907\" data-product_sku=\"\" aria-label=\"Read more about &ldquo;Filt\u00ebr Perkolator Aerobik me dalje lart\u00eb me Sedimentim&rdquo;\" rel=\"nofollow\"><i class=\"far fa-cart-plus\"><\/i><\/a>\t\t\t\n        <\/div>\n\n    <\/li>\n\t    <li class=\"product \">\n\t\t        <div class=\"eael-product-wrap\">\n\t\t\t<img decoding=\"async\" width=\"250\" height=\"200\" src=\"https:\/\/wsalbania.com\/wp-content\/uploads\/2024\/07\/20.jpg\" class=\"attachment-woocommerce_thumbnail size-woocommerce_thumbnail wvs-archive-product-image\" alt=\"\" loading=\"eager\" \/><div class=\"eael-product-title\">\n            <a href=\"https:\/\/wsalbania.com\/?product=filter-perkolator-aerobik-me-dalje-larte-me-sedimentim-dhe-pompe\" class=\"woocommerce-LoopProduct-link woocommerce-loop-product__link\"><h2 class=\"woocommerce-loop-product__title\">Filt\u00ebr Perkolator Aerobik me dalje lart\u00eb me Sedimentim dhe Pomp\u00eb<\/h2><\/a>\n            <\/div>\t\t\t<a href=\"https:\/\/wsalbania.com\/?product=filter-perkolator-aerobik-me-dalje-larte-me-sedimentim-dhe-pompe\" data-quantity=\"1\" class=\"cart-button icon-btn product_type_simple\" data-product_id=\"4905\" data-product_sku=\"\" aria-label=\"Read more about &ldquo;Filt\u00ebr Perkolator Aerobik me dalje lart\u00eb me Sedimentim dhe Pomp\u00eb&rdquo;\" rel=\"nofollow\"><i class=\"far fa-cart-plus\"><\/i><\/a>\t\t\t\n        <\/div>\n\n    <\/li>\n\t    <li class=\"product \">\n\t\t        <div class=\"eael-product-wrap\">\n\t\t\t<img decoding=\"async\" width=\"250\" height=\"200\" src=\"https:\/\/wsalbania.com\/wp-content\/uploads\/2024\/07\/19.jpg\" class=\"attachment-woocommerce_thumbnail size-woocommerce_thumbnail wvs-archive-product-image\" alt=\"\" loading=\"eager\" \/><div class=\"eael-product-title\">\n            <a href=\"https:\/\/wsalbania.com\/?product=filter-perkolator-aerobik-me-dalje-larte-me-pompe\" class=\"woocommerce-LoopProduct-link woocommerce-loop-product__link\"><h2 class=\"woocommerce-loop-product__title\">Filt\u00ebr Perkolator Aerobik me dalje lart\u00eb me Pomp\u00eb<\/h2><\/a>\n            <\/div>\t\t\t<a href=\"https:\/\/wsalbania.com\/?product=filter-perkolator-aerobik-me-dalje-larte-me-pompe\" data-quantity=\"1\" class=\"cart-button icon-btn product_type_simple\" data-product_id=\"4903\" data-product_sku=\"\" aria-label=\"Read more about &ldquo;Filt\u00ebr Perkolator Aerobik me dalje lart\u00eb me Pomp\u00eb&rdquo;\" rel=\"nofollow\"><i class=\"far fa-cart-plus\"><\/i><\/a>\t\t\t\n        <\/div>\n\n    <\/li>\n\t    <li class=\"product \">\n\t\t        <div class=\"eael-product-wrap\">\n\t\t\t<img decoding=\"async\" width=\"250\" height=\"200\" src=\"https:\/\/wsalbania.com\/wp-content\/uploads\/2024\/07\/18.jpg\" class=\"attachment-woocommerce_thumbnail size-woocommerce_thumbnail wvs-archive-product-image\" alt=\"\" loading=\"eager\" \/><div class=\"eael-product-title\">\n            <a href=\"https:\/\/wsalbania.com\/?product=filter-perkolator-aerobik-me-dalje-poshte\" class=\"woocommerce-LoopProduct-link woocommerce-loop-product__link\"><h2 class=\"woocommerce-loop-product__title\">Filt\u00ebr Perkolator Aerobik me dalje posht\u00eb<\/h2><\/a>\n            <\/div>\t\t\t<a href=\"https:\/\/wsalbania.com\/?product=filter-perkolator-aerobik-me-dalje-poshte\" data-quantity=\"1\" class=\"cart-button icon-btn product_type_simple\" data-product_id=\"4901\" data-product_sku=\"\" aria-label=\"Read more about &ldquo;Filt\u00ebr Perkolator Aerobik me dalje posht\u00eb&rdquo;\" rel=\"nofollow\"><i class=\"far fa-cart-plus\"><\/i><\/a>\t\t\t\n        <\/div>\n\n    <\/li>\n\t    <li class=\"product \">\n\t\t        <div class=\"eael-product-wrap\">\n\t\t\t<img decoding=\"async\" width=\"250\" height=\"200\" src=\"https:\/\/wsalbania.com\/wp-content\/uploads\/2024\/07\/17.jpg\" class=\"attachment-woocommerce_thumbnail size-woocommerce_thumbnail wvs-archive-product-image\" alt=\"\" loading=\"eager\" \/><div class=\"eael-product-title\">\n            <a href=\"https:\/\/wsalbania.com\/?product=pastrues-superstar\" class=\"woocommerce-LoopProduct-link woocommerce-loop-product__link\"><h2 class=\"woocommerce-loop-product__title\">Pastrues SuperStar<\/h2><\/a>\n            <\/div>\t\t\t<a href=\"https:\/\/wsalbania.com\/?product=pastrues-superstar\" data-quantity=\"1\" class=\"cart-button icon-btn product_type_simple\" data-product_id=\"4899\" data-product_sku=\"\" aria-label=\"Read more about &ldquo;Pastrues SuperStar&rdquo;\" rel=\"nofollow\"><i class=\"far fa-cart-plus\"><\/i><\/a>\t\t\t\n        <\/div>\n\n    <\/li>\n\t    <li class=\"product \">\n\t\t        <div class=\"eael-product-wrap\">\n\t\t\t<img decoding=\"async\" width=\"250\" height=\"200\" src=\"https:\/\/wsalbania.com\/wp-content\/uploads\/2024\/07\/9-1.jpg\" class=\"attachment-woocommerce_thumbnail size-woocommerce_thumbnail wvs-archive-product-image\" alt=\"\" loading=\"eager\" \/><div class=\"eael-product-title\">\n            <a href=\"https:\/\/wsalbania.com\/?product=impiant-sekondar-super\" class=\"woocommerce-LoopProduct-link woocommerce-loop-product__link\"><h2 class=\"woocommerce-loop-product__title\">Impiant Sekondar Super<\/h2><\/a>\n            <\/div>\t\t\t<a href=\"https:\/\/wsalbania.com\/?product=impiant-sekondar-super\" data-quantity=\"1\" class=\"cart-button icon-btn product_type_simple\" data-product_id=\"4897\" data-product_sku=\"\" aria-label=\"Read more about &ldquo;Impiant Sekondar Super&rdquo;\" rel=\"nofollow\"><i class=\"far fa-cart-plus\"><\/i><\/a>\t\t\t\n        <\/div>\n\n    <\/li>\n\t    <li class=\"product \">\n\t\t        <div class=\"eael-product-wrap\">\n\t\t\t<img decoding=\"async\" width=\"250\" height=\"200\" src=\"https:\/\/wsalbania.com\/wp-content\/uploads\/2024\/07\/15.jpg\" class=\"attachment-woocommerce_thumbnail size-woocommerce_thumbnail wvs-archive-product-image\" alt=\"\" loading=\"eager\" \/><div class=\"eael-product-title\">\n            <a href=\"https:\/\/wsalbania.com\/?product=biosmart\" class=\"woocommerce-LoopProduct-link woocommerce-loop-product__link\"><h2 class=\"woocommerce-loop-product__title\">Biosmart<\/h2><\/a>\n            <\/div>\t\t\t<a href=\"https:\/\/wsalbania.com\/?product=biosmart\" data-quantity=\"1\" class=\"cart-button icon-btn product_type_simple\" data-product_id=\"4895\" data-product_sku=\"\" aria-label=\"Read more about &ldquo;Biosmart&rdquo;\" rel=\"nofollow\"><i class=\"far fa-cart-plus\"><\/i><\/a>\t\t\t\n        <\/div>\n\n    <\/li>\n\t    <li class=\"product \">\n\t\t        <div class=\"eael-product-wrap\">\n\t\t\t<img decoding=\"async\" width=\"250\" height=\"200\" src=\"https:\/\/wsalbania.com\/wp-content\/uploads\/2024\/07\/13.jpg\" class=\"attachment-woocommerce_thumbnail size-woocommerce_thumbnail wvs-archive-product-image\" alt=\"\" loading=\"eager\" \/><div class=\"eael-product-title\">\n            <a href=\"https:\/\/wsalbania.com\/?product=impiant-me-mbajtje-konstante-te-llumit-aktiv\" class=\"woocommerce-LoopProduct-link woocommerce-loop-product__link\"><h2 class=\"woocommerce-loop-product__title\">Impiant me Mbajtje Konstante t\u00eb Llumit Aktiv<\/h2><\/a>\n            <\/div>\t\t\t<a href=\"https:\/\/wsalbania.com\/?product=impiant-me-mbajtje-konstante-te-llumit-aktiv\" data-quantity=\"1\" class=\"cart-button icon-btn product_type_simple\" data-product_id=\"4893\" data-product_sku=\"\" aria-label=\"Read more about &ldquo;Impiant me Mbajtje Konstante t\u00eb Llumit Aktiv&rdquo;\" rel=\"nofollow\"><i class=\"far fa-cart-plus\"><\/i><\/a>\t\t\t\n        <\/div>\n\n    <\/li>\n\t    <li class=\"product \">\n\t\t        <div class=\"eael-product-wrap\">\n\t\t\t<img decoding=\"async\" width=\"250\" height=\"200\" src=\"https:\/\/wsalbania.com\/wp-content\/uploads\/2024\/07\/1.jpg\" class=\"attachment-woocommerce_thumbnail size-woocommerce_thumbnail wvs-archive-product-image\" alt=\"\" loading=\"eager\" \/><div class=\"eael-product-title\">\n            <a href=\"https:\/\/wsalbania.com\/?product=ndares-yndyre-degrasator\" class=\"woocommerce-LoopProduct-link woocommerce-loop-product__link\"><h2 class=\"woocommerce-loop-product__title\">Ndar\u00ebs Yndyre (Degrasator)<\/h2><\/a>\n            <\/div>\t\t\t<a href=\"https:\/\/wsalbania.com\/?product=ndares-yndyre-degrasator\" data-quantity=\"1\" class=\"cart-button icon-btn product_type_simple\" data-product_id=\"2425\" data-product_sku=\"Wheel Barrow\" aria-label=\"Read more about &ldquo;Ndar\u00ebs Yndyre (Degrasator)&rdquo;\" rel=\"nofollow\"><i class=\"far fa-cart-plus\"><\/i><\/a>\t\t\t\n        <\/div>\n\n    <\/li>\n\t    <li class=\"product \">\n\t\t        <div class=\"eael-product-wrap\">\n\t\t\t<img decoding=\"async\" width=\"250\" height=\"200\" src=\"https:\/\/wsalbania.com\/wp-content\/uploads\/2022\/11\/2.jpg\" class=\"attachment-woocommerce_thumbnail size-woocommerce_thumbnail wvs-archive-product-image\" alt=\"\" loading=\"eager\" \/><div class=\"eael-product-title\">\n            <a href=\"https:\/\/wsalbania.com\/?product=ndares-yndyre-degrasator-nen-lavaman\" class=\"woocommerce-LoopProduct-link woocommerce-loop-product__link\"><h2 class=\"woocommerce-loop-product__title\">Ndar\u00ebs Yndyre (Degrasator) n\u00ebn Lavaman<\/h2><\/a>\n            <\/div>\t\t\t<a href=\"?add-to-cart=2423\" data-quantity=\"1\" class=\"cart-button icon-btn product_type_simple add_to_cart_button ajax_add_to_cart\" data-product_id=\"2423\" data-product_sku=\"tile-cutter\" aria-label=\"Add to cart: &ldquo;Ndar\u00ebs Yndyre (Degrasator) n\u00ebn Lavaman&rdquo;\" rel=\"nofollow\"><i class=\"far fa-cart-plus\"><\/i><\/a>\t\t\t\n        <\/div>\n\n    <\/li>\n\t    <li class=\"product \">\n\t\t        <div class=\"eael-product-wrap\">\n\t\t\t<img decoding=\"async\" width=\"250\" height=\"200\" src=\"https:\/\/wsalbania.com\/wp-content\/uploads\/2022\/11\/3-1.jpg\" class=\"attachment-woocommerce_thumbnail size-woocommerce_thumbnail wvs-archive-product-image\" alt=\"\" loading=\"eager\" \/><div class=\"eael-product-title\">\n            <a href=\"https:\/\/wsalbania.com\/?product=rezervuar-septik-imhof\" class=\"woocommerce-LoopProduct-link woocommerce-loop-product__link\"><h2 class=\"woocommerce-loop-product__title\">Rezervuar Septik Imhof<\/h2><\/a>\n            <\/div>\t\t\t<a href=\"https:\/\/wsalbania.com\/?product=rezervuar-septik-imhof\" data-quantity=\"1\" class=\"cart-button icon-btn product_type_grouped\" data-product_id=\"2421\" data-product_sku=\"Putty Knife\" aria-label=\"View products in the &ldquo;Rezervuar Septik Imhof&rdquo; group\" rel=\"nofollow\"><i class=\"far fa-cart-plus\"><\/i><\/a>\t\t\t\n        <\/div>\n\n    <\/li>\n\t    <li class=\"product \">\n\t\t        <div class=\"eael-product-wrap\">\n\t\t\t<img decoding=\"async\" width=\"250\" height=\"200\" src=\"https:\/\/wsalbania.com\/wp-content\/uploads\/2022\/11\/4.jpg\" class=\"attachment-woocommerce_thumbnail size-woocommerce_thumbnail wvs-archive-product-image\" alt=\"\" loading=\"eager\" \/><div class=\"eael-product-title\">\n            <a href=\"https:\/\/wsalbania.com\/?product=rezervuari-plastik-septik-gropa-septike\" class=\"woocommerce-LoopProduct-link woocommerce-loop-product__link\"><h2 class=\"woocommerce-loop-product__title\">Rezervuari plastik septik (Gropa septike)<\/h2><\/a>\n            <\/div>\t\t\t<a href=\"?add-to-cart=2419\" data-quantity=\"1\" class=\"cart-button icon-btn product_type_simple add_to_cart_button ajax_add_to_cart\" data-product_id=\"2419\" data-product_sku=\"jack-plane\" aria-label=\"Add to cart: &ldquo;Rezervuari plastik septik (Gropa septike)&rdquo;\" rel=\"nofollow\"><i class=\"far fa-cart-plus\"><\/i><\/a>\t\t\t\n        <\/div>\n\n    <\/li>\n\t    <li class=\"product \">\n\t\t        <div class=\"eael-product-wrap\">\n\t\t\t<img decoding=\"async\" width=\"250\" height=\"200\" src=\"https:\/\/wsalbania.com\/wp-content\/uploads\/2022\/11\/5.jpg\" class=\"attachment-woocommerce_thumbnail size-woocommerce_thumbnail wvs-archive-product-image\" alt=\"\" loading=\"eager\" \/><div class=\"eael-product-title\">\n            <a href=\"https:\/\/wsalbania.com\/?product=filter-perkolator-anaerobik\" class=\"woocommerce-LoopProduct-link woocommerce-loop-product__link\"><h2 class=\"woocommerce-loop-product__title\">Filt\u00ebr Perkolator Anaerobik<\/h2><\/a>\n            <\/div>\t\t\t<a href=\"?add-to-cart=2416\" data-quantity=\"1\" class=\"cart-button icon-btn product_type_simple add_to_cart_button ajax_add_to_cart\" data-product_id=\"2416\" data-product_sku=\"w3tool-box\" aria-label=\"Add to cart: &ldquo;Filt\u00ebr Perkolator Anaerobik&rdquo;\" rel=\"nofollow\"><i class=\"far fa-cart-plus\"><\/i><\/a>\t\t\t\n        <\/div>\n\n    <\/li>\n\t    <li class=\"product \">\n\t\t        <div class=\"eael-product-wrap\">\n\t\t\t<img decoding=\"async\" width=\"250\" height=\"200\" src=\"https:\/\/wsalbania.com\/wp-content\/uploads\/2022\/11\/6.jpg\" class=\"attachment-woocommerce_thumbnail size-woocommerce_thumbnail wvs-archive-product-image\" alt=\"\" loading=\"eager\" \/><div class=\"eael-product-title\">\n            <a href=\"https:\/\/wsalbania.com\/?product=filter-perkolator-aerobik-me-dalje-larte\" class=\"woocommerce-LoopProduct-link woocommerce-loop-product__link\"><h2 class=\"woocommerce-loop-product__title\">Filt\u00ebr Perkolator Aerobik me dalje lart\u00eb<\/h2><\/a>\n            <\/div>\t\t\t<a href=\"?add-to-cart=2413\" data-quantity=\"1\" class=\"cart-button icon-btn product_type_simple add_to_cart_button ajax_add_to_cart\" data-product_id=\"2413\" data-product_sku=\"ddf-end-frames\" aria-label=\"Add to cart: &ldquo;Filt\u00ebr Perkolator Aerobik me dalje lart\u00eb&rdquo;\" rel=\"nofollow\"><i class=\"far fa-cart-plus\"><\/i><\/a>\t\t\t\n        <\/div>\n\n    <\/li>\n\t    <li class=\"product \">\n\t\t        <div class=\"eael-product-wrap\">\n\t\t\t<img decoding=\"async\" width=\"250\" height=\"200\" src=\"https:\/\/wsalbania.com\/wp-content\/uploads\/2022\/11\/7.jpg\" class=\"attachment-woocommerce_thumbnail size-woocommerce_thumbnail wvs-archive-product-image\" alt=\"\" loading=\"eager\" \/><div class=\"eael-product-title\">\n            <a href=\"https:\/\/wsalbania.com\/?product=drill-machine\" class=\"woocommerce-LoopProduct-link woocommerce-loop-product__link\"><h2 class=\"woocommerce-loop-product__title\">Pastrues I Llumit Ativ<\/h2><\/a>\n            <\/div>\t\t\t<a href=\"?add-to-cart=2411\" data-quantity=\"1\" class=\"cart-button icon-btn product_type_simple add_to_cart_button ajax_add_to_cart\" data-product_id=\"2411\" data-product_sku=\"rt-drill-machine\" aria-label=\"Add to cart: &ldquo;Pastrues I Llumit Ativ&rdquo;\" rel=\"nofollow\"><i class=\"far fa-cart-plus\"><\/i><\/a>\t\t\t\n        <\/div>\n\n    <\/li>\n\t    <li class=\"product \">\n\t\t        <div class=\"eael-product-wrap\">\n\t\t\t<img decoding=\"async\" width=\"250\" height=\"200\" src=\"https:\/\/wsalbania.com\/wp-content\/uploads\/2022\/11\/8.jpg\" class=\"attachment-woocommerce_thumbnail size-woocommerce_thumbnail wvs-archive-product-image\" alt=\"\" loading=\"eager\" \/><div class=\"eael-product-title\">\n            <a href=\"https:\/\/wsalbania.com\/?product=digging-bar\" class=\"woocommerce-LoopProduct-link woocommerce-loop-product__link\"><h2 class=\"woocommerce-loop-product__title\">Pastrues i Llumit Aktiv Laguna Veneta<\/h2><\/a>\n            <\/div>\t\t\t<a href=\"?add-to-cart=2408\" data-quantity=\"1\" class=\"cart-button icon-btn product_type_simple add_to_cart_button ajax_add_to_cart\" data-product_id=\"2408\" data-product_sku=\"et-digging-bar\" aria-label=\"Add to cart: &ldquo;Pastrues i Llumit Aktiv Laguna Veneta&rdquo;\" rel=\"nofollow\"><i class=\"far fa-cart-plus\"><\/i><\/a>\t\t\t\n        <\/div>\n\n    <\/li>\n\t    <li class=\"product \">\n\t\t        <div class=\"eael-product-wrap\">\n\t\t\t<img decoding=\"async\" width=\"250\" height=\"200\" src=\"https:\/\/wsalbania.com\/wp-content\/uploads\/2022\/11\/9.jpg\" class=\"attachment-woocommerce_thumbnail size-woocommerce_thumbnail wvs-archive-product-image\" alt=\"\" loading=\"eager\" \/><div class=\"eael-product-title\">\n            <a href=\"https:\/\/wsalbania.com\/?product=circular-saw\" class=\"woocommerce-LoopProduct-link woocommerce-loop-product__link\"><h2 class=\"woocommerce-loop-product__title\">Impiant Sekondar Super<\/h2><\/a>\n            <\/div>\t\t\t<a href=\"?add-to-cart=2364\" data-quantity=\"1\" class=\"cart-button icon-btn product_type_simple add_to_cart_button ajax_add_to_cart\" data-product_id=\"2364\" data-product_sku=\"iu-circular-saw\" aria-label=\"Add to cart: &ldquo;Impiant Sekondar Super&rdquo;\" rel=\"nofollow\"><i class=\"far fa-cart-plus\"><\/i><\/a>\t\t\t\n        <\/div>\n\n    <\/li>\n\t    <li class=\"product \">\n\t\t        <div class=\"eael-product-wrap\">\n\t\t\t<img decoding=\"async\" width=\"250\" height=\"200\" src=\"https:\/\/wsalbania.com\/wp-content\/uploads\/2022\/11\/10.jpg\" class=\"attachment-woocommerce_thumbnail size-woocommerce_thumbnail wvs-archive-product-image\" alt=\"\" loading=\"eager\" \/><div class=\"eael-product-title\">\n            <a href=\"https:\/\/wsalbania.com\/?product=brick-hammer\" class=\"woocommerce-LoopProduct-link woocommerce-loop-product__link\"><h2 class=\"woocommerce-loop-product__title\">Filt\u00ebr Perklator Anaerobik me Sedimentim<\/h2><\/a>\n            <\/div>\t\t\t<a href=\"?add-to-cart=2363\" data-quantity=\"1\" class=\"cart-button icon-btn product_type_simple add_to_cart_button ajax_add_to_cart\" data-product_id=\"2363\" data-product_sku=\"qr-brick-hammer\" aria-label=\"Add to cart: &ldquo;Filt\u00ebr Perklator Anaerobik me Sedimentim&rdquo;\" rel=\"nofollow\"><i class=\"far fa-cart-plus\"><\/i><\/a>\t\t\t\n        <\/div>\n\n    <\/li>\n\t    <li class=\"product \">\n\t\t        <div class=\"eael-product-wrap\">\n\t\t\t<img decoding=\"async\" width=\"250\" height=\"200\" src=\"https:\/\/wsalbania.com\/wp-content\/uploads\/2022\/11\/11.jpg\" class=\"attachment-woocommerce_thumbnail size-woocommerce_thumbnail wvs-archive-product-image\" alt=\"\" loading=\"eager\" \/><div class=\"eael-product-title\">\n            <a href=\"https:\/\/wsalbania.com\/?product=bump-cutter\" class=\"woocommerce-LoopProduct-link woocommerce-loop-product__link\"><h2 class=\"woocommerce-loop-product__title\">Pastrues me Oksidim Total<\/h2><\/a>\n            <\/div>\t\t\t<a href=\"?add-to-cart=2349\" data-quantity=\"1\" class=\"cart-button icon-btn product_type_simple add_to_cart_button ajax_add_to_cart\" data-product_id=\"2349\" data-product_sku=\"q-bump-cutter\" aria-label=\"Add to cart: &ldquo;Pastrues me Oksidim Total&rdquo;\" rel=\"nofollow\"><i class=\"far fa-cart-plus\"><\/i><\/a>\t\t\t\n        <\/div>\n\n    <\/li>\n\t    <li class=\"product \">\n\t\t        <div class=\"eael-product-wrap\">\n\t\t\t<img decoding=\"async\" width=\"250\" height=\"200\" src=\"https:\/\/wsalbania.com\/wp-content\/uploads\/2022\/11\/12.jpg\" class=\"attachment-woocommerce_thumbnail size-woocommerce_thumbnail wvs-archive-product-image\" alt=\"\" loading=\"eager\" \/><div class=\"eael-product-title\">\n            <a href=\"https:\/\/wsalbania.com\/?product=handy-plus\" class=\"woocommerce-LoopProduct-link woocommerce-loop-product__link\"><h2 class=\"woocommerce-loop-product__title\">Impiant me Oksidim Biologjik<\/h2><\/a>\n            <\/div>\t\t\t<a href=\"https:\/\/wsalbania.com\/?product=handy-plus\" data-quantity=\"1\" class=\"cart-button icon-btn product_type_simple\" data-product_id=\"2347\" data-product_sku=\"zs-handy-plus\" aria-label=\"Read more about &ldquo;Impiant me Oksidim Biologjik&rdquo;\" rel=\"nofollow\"><i class=\"far fa-cart-plus\"><\/i><\/a>\t\t\t\n        <\/div>\n\n    <\/li>\n\t<\/ul>            <\/div>\n        <\/div>\n\n        <script type=\"text\/javascript\">\n            jQuery(document).ready(function($) {\n                var $scope = jQuery(\".elementor-element-1025e34\");\n                var $products = $('.products', $scope);\n                var $layout_mode = $products.data('layout-mode');\n                \n                if ( $layout_mode === 'masonry' ) {\n                    \/\/ init isotope\n                    var $isotope_products = $products.isotope({\n                        itemSelector: \"li.product\",\n                        layoutMode: $layout_mode,\n                        percentPosition: true\n                    });\n\n                    $isotope_products.imagesLoaded().progress( function() {\n                        $isotope_products.isotope('layout');\n                    })\n\n                    $(window).on('resize', function() {\n                        $isotope_products.isotope('layout');\n                    });\n                }\n            });\n        <\/script>\n        \t\t<\/div>\n\t\t\t\t<\/div>\n\t\t\t\t\t<\/div>\n\t\t<\/div>\n\t\t\t\t\t<\/div>\n\t\t<\/section>\n\t\t\t\t<\/div>\n\t\t","protected":false},"excerpt":{"rendered":"<p>Impiant Fitodepurimi horizontal Filt\u00ebr Perkolator Aerobik me dalje lart\u00eb me Sedimentim Filt\u00ebr Perkolator Aerobik me dalje lart\u00eb me Sedimentim dhe Pomp\u00eb Filt\u00ebr Perkolator Aerobik me dalje lart\u00eb me Pomp\u00eb Filt\u00ebr Perkolator Aerobik me dalje posht\u00eb Pastrues SuperStar Impiant Sekondar Super Biosmart Impiant me Mbajtje Konstante t\u00eb Llumit Aktiv Ndar\u00ebs Yndyre (Degrasator) Ndar\u00ebs Yndyre (Degrasator) n\u00ebn&#8230;<\/p>\n","protected":false},"author":1,"featured_media":0,"parent":0,"menu_order":0,"comment_status":"closed","ping_status":"closed","template":"","meta":{"footnotes":""},"class_list":["post-4957","page","type-page","status-publish","hentry"],"_links":{"self":[{"href":"https:\/\/wsalbania.com\/index.php?rest_route=\/wp\/v2\/pages\/4957","targetHints":{"allow":["GET"]}}],"collection":[{"href":"https:\/\/wsalbania.com\/index.php?rest_route=\/wp\/v2\/pages"}],"about":[{"href":"https:\/\/wsalbania.com\/index.php?rest_route=\/wp\/v2\/types\/page"}],"author":[{"embeddable":true,"href":"https:\/\/wsalbania.com\/index.php?rest_route=\/wp\/v2\/users\/1"}],"replies":[{"embeddable":true,"href":"https:\/\/wsalbania.com\/index.php?rest_route=%2Fwp%2Fv2%2Fcomments&post=4957"}],"version-history":[{"count":0,"href":"https:\/\/wsalbania.com\/index.php?rest_route=\/wp\/v2\/pages\/4957\/revisions"}],"wp:attachment":[{"href":"https:\/\/wsalbania.com\/index.php?rest_route=%2Fwp%2Fv2%2Fmedia&parent=4957"}],"curies":[{"name":"wp","href":"https:\/\/api.w.org\/{rel}","templated":true}]}}