{"id":4986,"date":"2024-07-31T22:13:56","date_gmt":"2024-07-31T22:13:56","guid":{"rendered":"https:\/\/wsalbania.com\/?page_id=4986"},"modified":"2024-08-03T17:05:09","modified_gmt":"2024-08-03T17:05:09","slug":"mirembajtja-e-sistemit-te-trajtimit-biologjik-te-ujerave-te-zeza","status":"publish","type":"page","link":"https:\/\/wsalbania.com\/?page_id=4986","title":{"rendered":"Mir\u00ebmbajtja e Sistemit t\u00eb Trajtimit Biologjik t\u00eb Uj\u00ebrave t\u00eb Zeza"},"content":{"rendered":"\t\t<div data-elementor-type=\"wp-page\" data-elementor-id=\"4986\" class=\"elementor elementor-4986\" data-elementor-post-type=\"page\">\n\t\t\t\t\t\t<section data-particle_enable=\"false\" data-particle-mobile-disabled=\"false\" class=\"elementor-section elementor-top-section elementor-element elementor-element-0412edf elementor-section-boxed elementor-section-height-default elementor-section-height-default\" data-id=\"0412edf\" data-element_type=\"section\">\n\t\t\t\t\t\t<div class=\"elementor-container elementor-column-gap-default\">\n\t\t\t\t\t<div class=\"elementor-column elementor-col-100 elementor-top-column elementor-element elementor-element-721bdb2\" data-id=\"721bdb2\" data-element_type=\"column\">\n\t\t\t<div class=\"elementor-widget-wrap elementor-element-populated\">\n\t\t\t\t\t\t<section data-particle_enable=\"false\" data-particle-mobile-disabled=\"false\" class=\"elementor-section elementor-inner-section elementor-element elementor-element-6891d48 elementor-section-boxed elementor-section-height-default elementor-section-height-default\" data-id=\"6891d48\" data-element_type=\"section\">\n\t\t\t\t\t\t<div class=\"elementor-container elementor-column-gap-default\">\n\t\t\t\t\t<div class=\"elementor-column elementor-col-50 elementor-inner-column elementor-element elementor-element-8d7d2df\" data-id=\"8d7d2df\" data-element_type=\"column\">\n\t\t\t<div class=\"elementor-widget-wrap elementor-element-populated\">\n\t\t\t\t\r\n\t\t<div class=\"elementor-element elementor-element-48eae48 elementor-widget elementor-widget-text-editor\" data-id=\"48eae48\" data-element_type=\"widget\" data-widget_type=\"text-editor.default\">\n\t\t\t\t<div class=\"elementor-widget-container\">\n\t\t\t<style>\/*! elementor - v3.20.0 - 11-03-2024 *\/\n.elementor-widget-text-editor.elementor-drop-cap-view-stacked .elementor-drop-cap{background-color:#69727d;color:#fff}.elementor-widget-text-editor.elementor-drop-cap-view-framed .elementor-drop-cap{color:#69727d;border:3px solid;background-color:transparent}.elementor-widget-text-editor:not(.elementor-drop-cap-view-default) .elementor-drop-cap{margin-top:8px}.elementor-widget-text-editor:not(.elementor-drop-cap-view-default) .elementor-drop-cap-letter{width:1em;height:1em}.elementor-widget-text-editor .elementor-drop-cap{float:left;text-align:center;line-height:1;font-size:50px}.elementor-widget-text-editor .elementor-drop-cap-letter{display:inline-block}<\/style>\t\t\t\t<p>Mir\u00ebmbajtja e nj\u00eb sistemi t\u00eb trajtimit biologjik t\u00eb uj\u00ebrave t\u00eb zeza \u00ebsht\u00eb thelb\u00ebsore p\u00ebr t\u00eb siguruar funksionimin efikas dhe afatgjat\u00eb t\u00eb tij. Procesi i mir\u00ebmbajtjes p\u00ebrfshin disa hapa dhe procedura kryesore:<\/p><ol><li><p><strong>Monitorimi i Parametrave Ky\u00e7<\/strong>:<\/p><ul><li><strong>Nivelet e Oksigjenit t\u00eb Tretur<\/strong>: Monitorimi i vazhduesh\u00ebm i niveleve t\u00eb oksigjenit \u00ebsht\u00eb i domosdosh\u00ebm p\u00ebr t\u00eb siguruar q\u00eb mikroorganizmat kan\u00eb mjaftuesh\u00ebm oksigjen p\u00ebr t\u00eb dekompozuar materialet organike.<\/li><li><strong>pH dhe Temperatura<\/strong>: Mbajtja e pH-s\u00eb dhe temperatur\u00ebs brenda intervaleve optimale \u00ebsht\u00eb thelb\u00ebsore p\u00ebr aktivitetin dhe sh\u00ebndetin e mikroorganizmave n\u00eb llumin aktiv.<\/li><\/ul><\/li><li><p><strong>Kontrolli i Procesit t\u00eb Sedimentimit<\/strong>:<\/p><ul><li><strong>Sedimentimi Sekondar<\/strong>: Inspektimi dhe pastrimi i rregullt i rezervuar\u00ebve t\u00eb sedimentimit p\u00ebr t\u00eb parandaluar akumulimin e llumit dhe p\u00ebr t\u00eb siguruar ndarjen e duhur t\u00eb ujit t\u00eb pastruar nga llumi aktiv.<\/li><li><strong>Llumi i Kthyer dhe i Tep\u00ebrt<\/strong>: Menaxhimi efikas i llumit t\u00eb kthyer p\u00ebr t\u00eb mbajtur balanc\u00ebn e mikroorganizmave aktive dhe largimi i llumit t\u00eb tep\u00ebrt p\u00ebr t\u00eb parandaluar ngarkes\u00ebn e sistemit.<\/li><\/ul><\/li><li><p><strong>Mir\u00ebmbajtja e Pajisjeve Mekanike dhe Elektronike<\/strong>:<\/p><ul><li><strong>Pajisjet e Aerimit<\/strong>: Pastrimi dhe inspektimi i rregullt i kompresor\u00ebve dhe difuzor\u00ebve t\u00eb aerimit p\u00ebr t\u00eb siguruar furnizimin e q\u00ebndruesh\u00ebm me oksigjen.<\/li><li><strong>Pompimi dhe Sistemet e Kontrollit<\/strong>: Kontrolli dhe mir\u00ebmbajtja e pompave, sensor\u00ebve dhe sistemeve t\u00eb kontrollit p\u00ebr t\u00eb parandaluar d\u00ebshtimet mekanike dhe p\u00ebr t\u00eb garantuar funksionimin e sakt\u00eb t\u00eb procesit t\u00eb trajtimit.<\/li><\/ul><\/li><li><p><strong>Testimi dhe Analiza e Ujit<\/strong>:<\/p><ul><li><strong>Analiza Laboratorike<\/strong>: Kryerja e testeve t\u00eb rregullta laboratorike p\u00ebr t\u00eb monitoruar cil\u00ebsin\u00eb e ujit t\u00eb pastruar dhe p\u00ebr t\u00eb siguruar q\u00eb ai plot\u00ebson standardet e k\u00ebrkuara p\u00ebr lirimin n\u00eb mjedis ose p\u00ebrdorime t\u00eb tjera.<\/li><li><strong>V\u00ebzhgimi i Parametrave Mikrobial\u00eb<\/strong>: Analiza e popullat\u00ebs mikrobiale n\u00eb llumin aktiv p\u00ebr t\u00eb siguruar q\u00eb p\u00ebrb\u00ebrja e mikroorganizmave \u00ebsht\u00eb optimale p\u00ebr procesin e trajtimit.<\/li><\/ul><\/li><\/ol><p>Mir\u00ebmbajtja e rregullt dhe e kujdesshme e sistemit t\u00eb trajtimit biologjik t\u00eb uj\u00ebrave t\u00eb zeza \u00ebsht\u00eb thelb\u00ebsore p\u00ebr t\u00eb garantuar funksionimin efikas, reduktimin e kostove operative dhe mbrojtjen e mjedisit.<\/p>\t\t\t\t\t\t<\/div>\n\t\t\t\t<\/div>\n\t\t\t\t\t<\/div>\n\t\t<\/div>\n\t\t\t\t<div class=\"elementor-column elementor-col-50 elementor-inner-column elementor-element elementor-element-dd77642 service-sidebar sidebar-area\" data-id=\"dd77642\" data-element_type=\"column\">\n\t\t\t<div class=\"elementor-widget-wrap elementor-element-populated\">\n\t\t\t\t\t\t<div class=\"elementor-element elementor-element-5ad1db9 elementor-widget elementor-widget-text-editor\" data-id=\"5ad1db9\" data-element_type=\"widget\" data-widget_type=\"text-editor.default\">\n\t\t\t\t<div class=\"elementor-widget-container\">\n\t\t\t\t\t\t\t<div class=\" widget_banner \" data-overlay=\"title\" data-opacity=\"8\" data-bg-src=\"https:\/\/themeholy.com\/wordpress\/konta\/wp-content\/uploads\/2023\/10\/widget-banner-bg.png\"><div class=\"widget-banner\"><h4 class=\"title\">Deshironi te merrni informacione rreth sherbimeve tona?<\/h4><p><a href=\"tel:&quot;+355682028282&quot;\">+355 68 202 8282\u00a0\u00a0<\/a><\/p><a href=\"https:\/\/wa.me\/+355689494846\">+355 68 949 4846<\/a><br \/><p><a class=\"th-btn style3\" href=\"https:\/\/themeholy.com\/wordpress\/konta\/contact\">Na kontaktoni<i class=\"far fa-arrow-right ms-1\"><\/i><\/a><\/p><\/div><\/div>\t\t\t\t\t\t<\/div>\n\t\t\t\t<\/div>\n\t\t\t\t\t<\/div>\n\t\t<\/div>\n\t\t\t\t\t<\/div>\n\t\t<\/section>\n\t\t\t\t\t<\/div>\n\t\t<\/div>\n\t\t\t\t\t<\/div>\n\t\t<\/section>\n\t\t\t\t<\/div>\n\t\t","protected":false},"excerpt":{"rendered":"<p>Mir\u00ebmbajtja e nj\u00eb sistemi t\u00eb trajtimit biologjik t\u00eb uj\u00ebrave t\u00eb zeza \u00ebsht\u00eb thelb\u00ebsore p\u00ebr t\u00eb siguruar funksionimin efikas dhe afatgjat\u00eb t\u00eb tij. Procesi i mir\u00ebmbajtjes p\u00ebrfshin disa hapa dhe procedura kryesore: Monitorimi i Parametrave Ky\u00e7: Nivelet e Oksigjenit t\u00eb Tretur: Monitorimi i vazhduesh\u00ebm i niveleve t\u00eb oksigjenit \u00ebsht\u00eb i domosdosh\u00ebm p\u00ebr t\u00eb siguruar q\u00eb mikroorganizmat&#8230;<\/p>\n","protected":false},"author":1,"featured_media":0,"parent":0,"menu_order":0,"comment_status":"closed","ping_status":"closed","template":"","meta":{"footnotes":""},"class_list":["post-4986","page","type-page","status-publish","hentry"],"_links":{"self":[{"href":"https:\/\/wsalbania.com\/index.php?rest_route=\/wp\/v2\/pages\/4986","targetHints":{"allow":["GET"]}}],"collection":[{"href":"https:\/\/wsalbania.com\/index.php?rest_route=\/wp\/v2\/pages"}],"about":[{"href":"https:\/\/wsalbania.com\/index.php?rest_route=\/wp\/v2\/types\/page"}],"author":[{"embeddable":true,"href":"https:\/\/wsalbania.com\/index.php?rest_route=\/wp\/v2\/users\/1"}],"replies":[{"embeddable":true,"href":"https:\/\/wsalbania.com\/index.php?rest_route=%2Fwp%2Fv2%2Fcomments&post=4986"}],"version-history":[{"count":3,"href":"https:\/\/wsalbania.com\/index.php?rest_route=\/wp\/v2\/pages\/4986\/revisions"}],"predecessor-version":[{"id":5295,"href":"https:\/\/wsalbania.com\/index.php?rest_route=\/wp\/v2\/pages\/4986\/revisions\/5295"}],"wp:attachment":[{"href":"https:\/\/wsalbania.com\/index.php?rest_route=%2Fwp%2Fv2%2Fmedia&parent=4986"}],"curies":[{"name":"wp","href":"https:\/\/api.w.org\/{rel}","templated":true}]}}