{"id":2347,"date":"2022-11-13T09:26:41","date_gmt":"2022-11-13T09:26:41","guid":{"rendered":"https:\/\/angfuzsoft.com\/wordpress\/driller\/?post_type=product&#038;p=2347"},"modified":"2024-07-31T21:15:54","modified_gmt":"2024-07-31T21:15:54","slug":"handy-plus","status":"publish","type":"product","link":"https:\/\/wsalbania.com\/?product=handy-plus","title":{"rendered":"Impiant me Oksidim Biologjik"},"content":{"rendered":"<p>Impianti me oksidim biologjik ka funksionin e trajtimit t\u00eb plot\u00eb t\u00eb uj\u00ebrave t\u00eb zeza. Ai p\u00ebrb\u00ebhet nga tre ndarje: e para ka funksionin e sedimentimit primar, e dyta e trajtimit biologjik t\u00eb substancave organike duke p\u00ebrdorur llum aktiv pezull me fryrje t\u00eb ajrit, nd\u00ebrsa e treta ka funksionin e sedimentimit dyt\u00ebsor dhe<\/p>\n<p>pastrimi i uj\u00ebrave t\u00eb zeza. N\u00eb ndarjen e tret\u00eb ka p\u00ebrgjith\u00ebsisht nj\u00eb sistem p\u00ebr riqarkullimi i llumit. Uj\u00ebrat e verdh\u00eb dhe gri, p\u00ebrpara se t\u00eb shkarkohen n\u00eb impiant duhet t\u00eb trajtohet paraprakisht n\u00eb nj\u00eb ndar\u00ebs t\u00eb ve\u00e7ant\u00eb yndyre (degrasator).<\/p>\n<p>Furnizimi me nj\u00eb panel elektrik \u00ebsht\u00eb gjithashtu i p\u00ebrfshir\u00eb. Komanda me koh\u00eb p\u00ebr kontrollin e pajisjeve elektromekanike.<\/p>\n<p>Sistemi ka p\u00ebrmasa sipas standardeve t\u00eb sh\u00ebnimit UNI EN 12566-1\/3<\/p>\n<p>Certifikimi CE dhe DOP.<\/p>\n","protected":false},"excerpt":{"rendered":"<table>\n<tbody>\n<tr>\n<td width=\"156\"><strong>Volumi <\/strong><strong style=\"font-family: inherit; font-size: inherit;\">litra<\/strong><\/td>\n<td width=\"156\"><strong>PE<\/strong><\/td>\n<td width=\"156\"><strong>P\u00ebrmasat <\/strong><strong style=\"font-family: inherit; font-size: inherit;\">cm<\/strong><\/td>\n<td width=\"156\"><strong>\u04aamimi <\/strong><strong style=\"font-family: inherit; font-size: inherit;\">euro<\/strong><\/td>\n<\/tr>\n<tr>\n<td width=\"156\">6.040<\/td>\n<td width=\"156\"><strong>18<\/strong><\/td>\n<td width=\"156\"><strong>380 \u00a0x 165 \u00a0x 175<\/strong><\/td>\n<td width=\"156\"><strong>7.470<\/strong><\/td>\n<\/tr>\n<tr>\n<td width=\"156\"><strong>10.200<\/strong><\/td>\n<td width=\"156\"><strong>32<\/strong><\/td>\n<td width=\"156\"><strong>440 x 195 x 204<\/strong><\/td>\n<td width=\"156\"><strong>11.320<\/strong><\/td>\n<\/tr>\n<tr>\n<td width=\"156\"><strong>14.000<\/strong><\/td>\n<td width=\"156\"><strong>45<\/strong><\/td>\n<td width=\"156\"><strong>510 x 230 x 218<\/strong><\/td>\n<td width=\"156\"><strong>16.065<\/strong><\/td>\n<\/tr>\n<tr>\n<td width=\"156\"><strong>15.800<\/strong><\/td>\n<td width=\"156\"><strong>54<\/strong><\/td>\n<td width=\"156\"><strong>725 x 176 x 186<\/strong><\/td>\n<td width=\"156\"><strong>20.475<\/strong><\/td>\n<\/tr>\n<\/tbody>\n<\/table>\n","protected":false},"featured_media":4892,"template":"","meta":[],"product_cat":[26],"product_tag":[],"class_list":{"0":"post-2347","1":"product","2":"type-product","3":"status-publish","4":"has-post-thumbnail","6":"product_cat-decor","8":"first","9":"instock","10":"shipping-taxable","11":"product-type-simple"},"_links":{"self":[{"href":"https:\/\/wsalbania.com\/index.php?rest_route=\/wp\/v2\/product\/2347","targetHints":{"allow":["GET"]}}],"collection":[{"href":"https:\/\/wsalbania.com\/index.php?rest_route=\/wp\/v2\/product"}],"about":[{"href":"https:\/\/wsalbania.com\/index.php?rest_route=\/wp\/v2\/types\/product"}],"wp:featuredmedia":[{"embeddable":true,"href":"https:\/\/wsalbania.com\/index.php?rest_route=\/wp\/v2\/media\/4892"}],"wp:attachment":[{"href":"https:\/\/wsalbania.com\/index.php?rest_route=%2Fwp%2Fv2%2Fmedia&parent=2347"}],"wp:term":[{"taxonomy":"product_cat","embeddable":true,"href":"https:\/\/wsalbania.com\/index.php?rest_route=%2Fwp%2Fv2%2Fproduct_cat&post=2347"},{"taxonomy":"product_tag","embeddable":true,"href":"https:\/\/wsalbania.com\/index.php?rest_route=%2Fwp%2Fv2%2Fproduct_tag&post=2347"}],"curies":[{"name":"wp","href":"https:\/\/api.w.org\/{rel}","templated":true}]}}