{"id":2349,"date":"2022-11-13T09:31:41","date_gmt":"2022-11-13T09:31:41","guid":{"rendered":"https:\/\/angfuzsoft.com\/wordpress\/driller\/?post_type=product&#038;p=2349"},"modified":"2024-07-31T21:01:13","modified_gmt":"2024-07-31T21:01:13","slug":"bump-cutter","status":"publish","type":"product","link":"https:\/\/wsalbania.com\/?product=bump-cutter","title":{"rendered":"Pastrues me Oksidim Total"},"content":{"rendered":"<p>Pastruesi me oksidim total \u00ebsht\u00eb nj\u00eb produkt q\u00eb ka funksionin e trajtimit uj\u00ebrat e zeza t\u00ebr\u00ebsisht n\u00ebp\u00ebrmjet largimit biologjik t\u00eb substancave organike dhe siguron sedimentimin dyt\u00ebsor. N\u00eb t\u00eb, zhvillohet tretja aerobike e substancave organike n\u00ebp\u00ebrmjet flor\u00ebs aerobike pezull n\u00ebp\u00ebrmjet fryrjes s\u00eb ajrit.<\/p>\n<p>Pastruesi me oksidim total\u00a0 p\u00ebrdoret p\u00ebr trajtim t\u00eb drejtp\u00ebrdrejt\u00eb (me ngarkes\u00eb t\u00eb lart\u00eb n\u00eb hyrje) e uj\u00ebrave t\u00eb zeza.<\/p>\n","protected":false},"excerpt":{"rendered":"<table>\n<tbody>\n<tr>\n<td width=\"156\"><strong>Volumi <\/strong><strong style=\"font-family: inherit; font-size: inherit;\">litra<\/strong><\/td>\n<td width=\"156\"><strong>PE<\/strong><\/td>\n<td width=\"156\"><strong>P\u00ebrmasat <\/strong><strong style=\"font-family: inherit; font-size: inherit;\">cm<\/strong><\/td>\n<td width=\"156\"><strong>\u04aamimi <\/strong><strong style=\"font-family: inherit; font-size: inherit;\">euro<\/strong><\/td>\n<\/tr>\n<tr>\n<td width=\"156\">4.500<\/td>\n<td width=\"156\"><strong>12<\/strong><\/td>\n<td width=\"156\"><strong>195 \u00a0x 195 \u00a0x 178<\/strong><\/td>\n<td width=\"156\"><strong>6.225<\/strong><\/td>\n<\/tr>\n<tr>\n<td width=\"156\"><strong>7.000<\/strong><\/td>\n<td width=\"156\"><strong>18<\/strong><\/td>\n<td width=\"156\"><strong>230 x 230 x 218<\/strong><\/td>\n<td width=\"156\"><strong>10.395<\/strong><\/td>\n<\/tr>\n<tr>\n<td width=\"156\"><strong>7.790<\/strong><\/td>\n<td width=\"156\"><strong>22<\/strong><\/td>\n<td width=\"156\"><strong>415 x 176 x 186<\/strong><\/td>\n<td width=\"156\"><strong>13.390<\/strong><\/td>\n<\/tr>\n<tr>\n<td width=\"156\"><strong>8.800<\/strong><\/td>\n<td width=\"156\"><strong>25<\/strong><\/td>\n<td width=\"156\"><strong>445 x 176 x 186<\/strong><\/td>\n<td width=\"156\"><strong>14.335<\/strong><\/td>\n<\/tr>\n<\/tbody>\n<\/table>\n","protected":false},"featured_media":4891,"template":"","meta":[],"product_cat":[26],"product_tag":[],"class_list":{"0":"post-2349","1":"product","2":"type-product","3":"status-publish","4":"has-post-thumbnail","6":"product_cat-decor","8":"first","9":"instock","10":"sale","11":"shipping-taxable","12":"purchasable","13":"product-type-simple"},"_links":{"self":[{"href":"https:\/\/wsalbania.com\/index.php?rest_route=\/wp\/v2\/product\/2349","targetHints":{"allow":["GET"]}}],"collection":[{"href":"https:\/\/wsalbania.com\/index.php?rest_route=\/wp\/v2\/product"}],"about":[{"href":"https:\/\/wsalbania.com\/index.php?rest_route=\/wp\/v2\/types\/product"}],"wp:featuredmedia":[{"embeddable":true,"href":"https:\/\/wsalbania.com\/index.php?rest_route=\/wp\/v2\/media\/4891"}],"wp:attachment":[{"href":"https:\/\/wsalbania.com\/index.php?rest_route=%2Fwp%2Fv2%2Fmedia&parent=2349"}],"wp:term":[{"taxonomy":"product_cat","embeddable":true,"href":"https:\/\/wsalbania.com\/index.php?rest_route=%2Fwp%2Fv2%2Fproduct_cat&post=2349"},{"taxonomy":"product_tag","embeddable":true,"href":"https:\/\/wsalbania.com\/index.php?rest_route=%2Fwp%2Fv2%2Fproduct_tag&post=2349"}],"curies":[{"name":"wp","href":"https:\/\/api.w.org\/{rel}","templated":true}]}}