{"id":2364,"date":"2022-11-13T10:33:36","date_gmt":"2022-11-13T10:33:36","guid":{"rendered":"https:\/\/angfuzsoft.com\/wordpress\/driller\/?post_type=product&#038;p=2364"},"modified":"2024-07-31T20:59:11","modified_gmt":"2024-07-31T20:59:11","slug":"circular-saw","status":"publish","type":"product","link":"https:\/\/wsalbania.com\/?product=circular-saw","title":{"rendered":"Impiant Sekondar Super"},"content":{"rendered":"<p>Impianti sekondar super\u00a0 p\u00ebrb\u00ebhet nga dy struktura q\u00eb k\u00ebrkojn\u00eb trajtime n\u00ebp\u00ebrmjet filtrit rrjedh\u00ebs anaerobik dhe pastruesit t\u00eb llumit\u00a0 aktiv. Trajtimi i dyfisht\u00eb sekondari nga i cili p\u00ebrb\u00ebhet sistemi lejon q\u00eb uji t\u00eb shkarkohet n\u00eb tok\u00eb ose n\u00eb<\/p>\n<p>rasti n\u00eb t\u00eb cilin riqarkullimi i llumit shtohet duke p\u00ebrdorur nj\u00eb AIR \u2013 LIFT special p\u00ebr rip\u00ebrdorimin e tyre p\u00ebr q\u00ebllime ujitje.<\/p>\n<p>Sistemi ka p\u00ebrmasa sipas standardeve UNI EN 12566-3 dhe CE.<\/p>\n<p>Certifikimi DOP.<\/p>\n","protected":false},"excerpt":{"rendered":"<table>\n<tbody>\n<tr>\n<td width=\"156\"><strong>Volumi<\/strong>\u00a0<strong>litra<\/strong><\/td>\n<td width=\"156\"><strong>PE<\/strong><\/td>\n<td width=\"156\"><strong>P\u00ebrmasat<\/strong>\u00a0<strong>cm<\/strong><\/td>\n<td width=\"156\"><strong>\u04aamimi<\/strong>\u00a0<strong>euro<\/strong><\/td>\n<\/tr>\n<tr>\n<td width=\"156\"><strong>4.700<\/strong><\/td>\n<td width=\"156\"><strong>18<\/strong><\/td>\n<td width=\"156\"><strong>380 \u00a0x 150 \u00a0x 182<\/strong><\/td>\n<td width=\"156\"><strong>7.140<\/strong><\/td>\n<\/tr>\n<tr>\n<td width=\"156\"><strong>8.000<\/strong><\/td>\n<td width=\"156\"><strong>32<\/strong><\/td>\n<td width=\"156\"><strong>440 x 195 x 157<\/strong><\/td>\n<td width=\"156\"><strong>9.765<\/strong><\/td>\n<\/tr>\n<tr>\n<td width=\"156\"><strong>11.200<\/strong><\/td>\n<td width=\"156\"><strong>44<\/strong><\/td>\n<td width=\"156\"><strong>510 x 230 x 188<\/strong><\/td>\n<td width=\"156\"><strong>15.315<\/strong><\/td>\n<\/tr>\n<tr>\n<td width=\"156\"><strong>14.000<\/strong><\/td>\n<td width=\"156\"><strong>56<\/strong><\/td>\n<td width=\"156\"><strong>510 x 230 x 218<\/strong><\/td>\n<td width=\"156\"><strong>18.150<\/strong><\/td>\n<\/tr>\n<\/tbody>\n<\/table>\n<p>&nbsp;<\/p>\n<table>\n<tbody>\n<tr>\n<td width=\"156\"><strong>Volumi<\/strong><\/p>\n<p><strong>litra<\/strong><\/td>\n<td width=\"156\"><strong>PE<\/strong><\/td>\n<td width=\"156\"><strong>P\u00ebrmasat<\/strong><\/p>\n<p><strong>cm<\/strong><\/td>\n<td width=\"156\"><strong>\u04aamimi<\/strong><\/p>\n<p><strong>euro<\/strong><\/td>\n<\/tr>\n<tr>\n<td width=\"156\"><strong>4.700<\/strong><\/td>\n<td width=\"156\"><strong>18<\/strong><\/td>\n<td width=\"156\"><strong>380\u00a0 x 150\u00a0 x 182<\/strong><\/td>\n<td width=\"156\"><strong>7.890<\/strong><\/td>\n<\/tr>\n<tr>\n<td width=\"156\"><strong>8.000<\/strong><\/td>\n<td width=\"156\"><strong>32<\/strong><\/td>\n<td width=\"156\"><strong>440 x 195 x 196<\/strong><\/td>\n<td width=\"156\"><strong>10.655<\/strong><\/td>\n<\/tr>\n<tr>\n<td width=\"156\"><strong>11.200<\/strong><\/td>\n<td width=\"156\"><strong>44<\/strong><\/td>\n<td width=\"156\"><strong>510 x 230 x 188<\/strong><\/td>\n<td width=\"156\"><strong>16.815<\/strong><\/td>\n<\/tr>\n<tr>\n<td width=\"156\"><strong>14.000<\/strong><\/td>\n<td width=\"156\"><strong>56<\/strong><\/td>\n<td width=\"156\"><strong>510 x 230 x 218<\/strong><\/td>\n<td width=\"156\"><strong>19.650<\/strong><\/td>\n<\/tr>\n<\/tbody>\n<\/table>\n","protected":false},"featured_media":4889,"template":"","meta":[],"product_cat":[26],"product_tag":[],"class_list":{"0":"post-2364","1":"product","2":"type-product","3":"status-publish","4":"has-post-thumbnail","6":"product_cat-decor","8":"first","9":"instock","10":"shipping-taxable","11":"purchasable","12":"product-type-simple"},"_links":{"self":[{"href":"https:\/\/wsalbania.com\/index.php?rest_route=\/wp\/v2\/product\/2364","targetHints":{"allow":["GET"]}}],"collection":[{"href":"https:\/\/wsalbania.com\/index.php?rest_route=\/wp\/v2\/product"}],"about":[{"href":"https:\/\/wsalbania.com\/index.php?rest_route=\/wp\/v2\/types\/product"}],"wp:featuredmedia":[{"embeddable":true,"href":"https:\/\/wsalbania.com\/index.php?rest_route=\/wp\/v2\/media\/4889"}],"wp:attachment":[{"href":"https:\/\/wsalbania.com\/index.php?rest_route=%2Fwp%2Fv2%2Fmedia&parent=2364"}],"wp:term":[{"taxonomy":"product_cat","embeddable":true,"href":"https:\/\/wsalbania.com\/index.php?rest_route=%2Fwp%2Fv2%2Fproduct_cat&post=2364"},{"taxonomy":"product_tag","embeddable":true,"href":"https:\/\/wsalbania.com\/index.php?rest_route=%2Fwp%2Fv2%2Fproduct_tag&post=2364"}],"curies":[{"name":"wp","href":"https:\/\/api.w.org\/{rel}","templated":true}]}}