{"id":2411,"date":"2022-11-13T11:56:10","date_gmt":"2022-11-13T11:56:10","guid":{"rendered":"https:\/\/angfuzsoft.com\/wordpress\/driller\/?post_type=product&#038;p=2411"},"modified":"2024-07-31T20:57:15","modified_gmt":"2024-07-31T20:57:15","slug":"drill-machine","status":"publish","type":"product","link":"https:\/\/wsalbania.com\/?product=drill-machine","title":{"rendered":"Pastrues I Llumit Ativ"},"content":{"rendered":"<div class=\"qode-single-product-summary\">\n<div class=\"summary entry-summary\">\n<div class=\"clearfix\">\n<div class=\"product_meta\">\n<p>Pastruesi i llumit\u00a0 aktiv \u00ebsht\u00eb nj\u00eb impiant trajtimi dyt\u00ebsor q\u00eb ka funksionin p\u00ebr t\u00eb trajtuar biologjikisht substancat organike t\u00eb pranishme n\u00eb nj\u00eb burim t\u00eb uj\u00ebrave t\u00eb zeza . N\u00eb t\u00eb, ndodh tretja aerobike e substancave organike p\u00ebrmes flor\u00ebs aerobike\u00a0 p\u00ebr shkak t\u00eb efektit t\u00eb fryrjes t\u00eb ajrit me flluska t\u00eb holla t\u00eb furnizuara nga shp\u00ebrndar\u00ebs mikroflluskash t\u00eb mund\u00ebsuar nga nj\u00eb kompresor diafragme ose ventilatori. Pastrimi i uj\u00ebrave t\u00eb zeza b\u00ebhet edhe brenda rezervuarit<\/p>\n<p>dalje n\u00eb zon\u00eb t\u00eb qet\u00eb.<\/p>\n<p>Sistemi ka p\u00ebrmasa sipas standardeve UNI EN 12566-3 , CE dhe Certifikimin DOP.<\/p>\n<\/div>\n<\/div>\n<\/div>\n<\/div>\n","protected":false},"excerpt":{"rendered":"<table>\n<tbody>\n<tr>\n<td width=\"156\"><strong>Volumi <\/strong><strong style=\"font-family: inherit; font-size: inherit;\">litra<\/strong><\/td>\n<td width=\"156\"><strong>PE<\/strong><\/td>\n<td width=\"156\"><strong>P\u00ebrmasat <\/strong><strong style=\"font-family: inherit; font-size: inherit;\">cm<\/strong><\/td>\n<td width=\"156\"><strong>\u04aamimi <\/strong><strong style=\"font-family: inherit; font-size: inherit;\">euro<\/strong><\/td>\n<\/tr>\n<tr>\n<td width=\"156\"><strong>3.020<\/strong><\/td>\n<td width=\"156\"><strong>18<\/strong><\/td>\n<td width=\"156\"><strong>165 \u00a0x 165 \u00a0x 173<\/strong><\/td>\n<td width=\"156\"><strong>4.710<\/strong><\/td>\n<\/tr>\n<tr>\n<td width=\"156\"><strong>5.100<\/strong><\/td>\n<td width=\"156\"><strong>32<\/strong><\/td>\n<td width=\"156\"><strong>195 x 195 x 199<\/strong><\/td>\n<td width=\"156\"><strong>7.170<\/strong><\/td>\n<\/tr>\n<tr>\n<td width=\"156\"><strong>17.650<\/strong><\/td>\n<td width=\"156\"><strong>110<\/strong><\/td>\n<td width=\"156\"><strong>620 x 210 x 234<\/strong><\/td>\n<td width=\"156\"><strong>24.730<\/strong><\/td>\n<\/tr>\n<tr>\n<td width=\"156\"><strong>229.220<\/strong><\/td>\n<td width=\"156\"><strong>160<\/strong><\/td>\n<td width=\"156\"><strong>980 x 210 x 234<\/strong><\/td>\n<td width=\"156\"><strong>39.060<\/strong><\/td>\n<\/tr>\n<\/tbody>\n<\/table>\n","protected":false},"featured_media":4887,"template":"","meta":[],"product_cat":[26],"product_tag":[],"class_list":{"0":"post-2411","1":"product","2":"type-product","3":"status-publish","4":"has-post-thumbnail","6":"product_cat-decor","8":"first","9":"instock","10":"sale","11":"shipping-taxable","12":"purchasable","13":"product-type-simple"},"_links":{"self":[{"href":"https:\/\/wsalbania.com\/index.php?rest_route=\/wp\/v2\/product\/2411","targetHints":{"allow":["GET"]}}],"collection":[{"href":"https:\/\/wsalbania.com\/index.php?rest_route=\/wp\/v2\/product"}],"about":[{"href":"https:\/\/wsalbania.com\/index.php?rest_route=\/wp\/v2\/types\/product"}],"wp:featuredmedia":[{"embeddable":true,"href":"https:\/\/wsalbania.com\/index.php?rest_route=\/wp\/v2\/media\/4887"}],"wp:attachment":[{"href":"https:\/\/wsalbania.com\/index.php?rest_route=%2Fwp%2Fv2%2Fmedia&parent=2411"}],"wp:term":[{"taxonomy":"product_cat","embeddable":true,"href":"https:\/\/wsalbania.com\/index.php?rest_route=%2Fwp%2Fv2%2Fproduct_cat&post=2411"},{"taxonomy":"product_tag","embeddable":true,"href":"https:\/\/wsalbania.com\/index.php?rest_route=%2Fwp%2Fv2%2Fproduct_tag&post=2411"}],"curies":[{"name":"wp","href":"https:\/\/api.w.org\/{rel}","templated":true}]}}