{"id":2416,"date":"2022-11-13T11:58:33","date_gmt":"2022-11-13T11:58:33","guid":{"rendered":"https:\/\/angfuzsoft.com\/wordpress\/driller\/?post_type=product&#038;p=2416"},"modified":"2024-07-31T22:59:28","modified_gmt":"2024-07-31T22:59:28","slug":"filter-perkolator-anaerobik","status":"publish","type":"product","link":"https:\/\/wsalbania.com\/?product=filter-perkolator-anaerobik","title":{"rendered":"Filt\u00ebr Perkolator Anaerobik"},"content":{"rendered":"<p>Filtri anaerobik perkolator \u00ebsht\u00eb nj\u00eb rezervuar n\u00eb t\u00eb cilin trajtohen substancat e biodegradueshme t\u00eb tretura n\u00eb uj\u00ebrat e zeza. Brenda rezervuarit ka element\u00eb plastik\u00eb me sip\u00ebrfaqe specifike t\u00eb lart\u00eb, t\u00eb cilat kan\u00eb funksionin e nxitjes s\u00eb rr\u00ebnj\u00ebzimit t\u00eb biomas\u00ebs s\u00eb bashkangjitur q\u00eb p\u00ebrdoret p\u00ebr pastrim n\u00eb munges\u00eb t\u00eb oksigjenit.<\/p>\n<p>Rezervuari \u00ebsht\u00eb prodhuar sipas standardit UNI EN 12566-3 dhe \u00ebsht\u00eb i p\u00ebrshtatsh\u00ebm p\u00ebr trajtimi dyt\u00ebsor i uj\u00ebrave t\u00eb zeza q\u00eb vijn\u00eb nga sistemi primar.<\/p>\n","protected":false},"excerpt":{"rendered":"<table>\n<tbody>\n<tr>\n<td width=\"156\"><strong>Volumi <\/strong><strong style=\"font-family: inherit; font-size: inherit;\">litra<\/strong><\/td>\n<td width=\"156\"><strong>PE<\/strong><\/td>\n<td width=\"156\"><strong>P\u00ebrmasat <\/strong><strong style=\"font-family: inherit; font-size: inherit;\">cm<\/strong><\/td>\n<td width=\"156\"><strong>\u04aamimi <\/strong><strong style=\"font-family: inherit; font-size: inherit;\">euro<\/strong><\/td>\n<\/tr>\n<tr>\n<td width=\"156\">2.600<\/td>\n<td width=\"156\"><strong>17<\/strong><\/td>\n<td width=\"156\"><strong>150 \u00a0x 150 \u00a0x 182<\/strong><\/td>\n<td width=\"156\"><strong>3.795<\/strong><\/td>\n<\/tr>\n<tr>\n<td width=\"156\"><strong>4500<\/strong><\/td>\n<td width=\"156\"><strong>30<\/strong><\/td>\n<td width=\"156\"><strong>195 x 195 x 178<\/strong><\/td>\n<td width=\"156\"><strong>5.440<\/strong><\/td>\n<\/tr>\n<tr>\n<td width=\"156\"><strong>5.600<\/strong><\/td>\n<td width=\"156\"><strong>38<\/strong><\/td>\n<td width=\"156\"><strong>230 x 230 x 188<\/strong><\/td>\n<td width=\"156\"><strong>6.145<\/strong><\/td>\n<\/tr>\n<tr>\n<td width=\"156\"><strong>17.650<\/strong><\/td>\n<td width=\"156\"><strong>120<\/strong><\/td>\n<td width=\"156\"><strong>620 x 210 x 234<\/strong><\/td>\n<td width=\"156\"><strong>20.790<\/strong><\/td>\n<\/tr>\n<\/tbody>\n<\/table>\n","protected":false},"featured_media":4884,"template":"","meta":[],"product_cat":[26],"product_tag":[],"class_list":{"0":"post-2416","1":"product","2":"type-product","3":"status-publish","4":"has-post-thumbnail","6":"product_cat-decor","8":"first","9":"instock","10":"shipping-taxable","11":"purchasable","12":"product-type-simple"},"_links":{"self":[{"href":"https:\/\/wsalbania.com\/index.php?rest_route=\/wp\/v2\/product\/2416","targetHints":{"allow":["GET"]}}],"collection":[{"href":"https:\/\/wsalbania.com\/index.php?rest_route=\/wp\/v2\/product"}],"about":[{"href":"https:\/\/wsalbania.com\/index.php?rest_route=\/wp\/v2\/types\/product"}],"wp:featuredmedia":[{"embeddable":true,"href":"https:\/\/wsalbania.com\/index.php?rest_route=\/wp\/v2\/media\/4884"}],"wp:attachment":[{"href":"https:\/\/wsalbania.com\/index.php?rest_route=%2Fwp%2Fv2%2Fmedia&parent=2416"}],"wp:term":[{"taxonomy":"product_cat","embeddable":true,"href":"https:\/\/wsalbania.com\/index.php?rest_route=%2Fwp%2Fv2%2Fproduct_cat&post=2416"},{"taxonomy":"product_tag","embeddable":true,"href":"https:\/\/wsalbania.com\/index.php?rest_route=%2Fwp%2Fv2%2Fproduct_tag&post=2416"}],"curies":[{"name":"wp","href":"https:\/\/api.w.org\/{rel}","templated":true}]}}