{"id":2419,"date":"2022-11-13T11:59:49","date_gmt":"2022-11-13T11:59:49","guid":{"rendered":"https:\/\/angfuzsoft.com\/wordpress\/driller\/?post_type=product&#038;p=2419"},"modified":"2024-07-31T22:58:56","modified_gmt":"2024-07-31T22:58:56","slug":"rezervuari-plastik-septik-gropa-septike","status":"publish","type":"product","link":"https:\/\/wsalbania.com\/?product=rezervuari-plastik-septik-gropa-septike","title":{"rendered":"Rezervuari plastik septik (Gropa septike)"},"content":{"rendered":"<p>Rezervuari septik( gropa septike) n\u00eb p\u00ebrgjith\u00ebsi p\u00ebrdoret si trajtim par\u00ebsor i uj\u00ebrave t\u00eb zeza . N\u00eb rrjedh\u00ebn e sip\u00ebrme t\u00eb tij<\/p>\n<p>k\u00ebshillohet vendosja e nj\u00eb ndar\u00ebsi yndyre me q\u00ebllim eliminimin e vajrave dhe yndyrnave t\u00eb pranishme n\u00eb uj\u00ebrat e zeza q\u00eb mb\u00ebrrijn\u00eb n\u00eb \u00a0k\u00ebt\u00eb rezervuar.<\/p>\n","protected":false},"excerpt":{"rendered":"<p><strong>Modelet<\/strong><\/p>\n<p><strong>\u00a0<\/strong><\/p>\n<table>\n<tbody>\n<tr>\n<td width=\"156\"><strong>Volumi <\/strong><strong style=\"font-family: inherit; font-size: inherit;\">litra<\/strong><\/td>\n<td width=\"156\"><strong>PE<\/strong><\/td>\n<td width=\"156\"><strong>P\u00ebrmasat <\/strong><strong style=\"font-family: inherit; font-size: inherit;\">cm<\/strong><\/td>\n<td width=\"156\"><strong>\u04aamimi <\/strong><strong style=\"font-family: inherit; font-size: inherit;\">euro<\/strong><\/td>\n<\/tr>\n<tr>\n<td width=\"156\">2.600<\/td>\n<td width=\"156\"><strong>18<\/strong><\/td>\n<td width=\"156\"><strong>150 \u00a0x 150 \u00a0x 182<\/strong><\/td>\n<td width=\"156\"><strong>1.860<\/strong><\/td>\n<\/tr>\n<tr>\n<td width=\"156\"><strong>4500<\/strong><\/td>\n<td width=\"156\"><strong>32<\/strong><\/td>\n<td width=\"156\"><strong>195 x 195 x 178<\/strong><\/td>\n<td width=\"156\"><strong>3.285<\/strong><\/td>\n<\/tr>\n<tr>\n<td width=\"156\"><strong>5.600<\/strong><\/td>\n<td width=\"156\"><strong>40<\/strong><\/td>\n<td width=\"156\"><strong>230 x 230 x 188<\/strong><\/td>\n<td width=\"156\"><strong>3.915<\/strong><\/td>\n<\/tr>\n<tr>\n<td width=\"156\"><strong>17.650<\/strong><\/td>\n<td width=\"156\"><strong>126<\/strong><\/td>\n<td width=\"156\"><strong>620 x 210 x 234<\/strong><\/td>\n<td width=\"156\"><strong>14.490<\/strong><\/td>\n<\/tr>\n<\/tbody>\n<\/table>\n","protected":false},"featured_media":4882,"template":"","meta":[],"product_cat":[26],"product_tag":[],"class_list":{"0":"post-2419","1":"product","2":"type-product","3":"status-publish","4":"has-post-thumbnail","6":"product_cat-decor","8":"first","9":"instock","10":"sale","11":"shipping-taxable","12":"purchasable","13":"product-type-simple"},"_links":{"self":[{"href":"https:\/\/wsalbania.com\/index.php?rest_route=\/wp\/v2\/product\/2419","targetHints":{"allow":["GET"]}}],"collection":[{"href":"https:\/\/wsalbania.com\/index.php?rest_route=\/wp\/v2\/product"}],"about":[{"href":"https:\/\/wsalbania.com\/index.php?rest_route=\/wp\/v2\/types\/product"}],"wp:featuredmedia":[{"embeddable":true,"href":"https:\/\/wsalbania.com\/index.php?rest_route=\/wp\/v2\/media\/4882"}],"wp:attachment":[{"href":"https:\/\/wsalbania.com\/index.php?rest_route=%2Fwp%2Fv2%2Fmedia&parent=2419"}],"wp:term":[{"taxonomy":"product_cat","embeddable":true,"href":"https:\/\/wsalbania.com\/index.php?rest_route=%2Fwp%2Fv2%2Fproduct_cat&post=2419"},{"taxonomy":"product_tag","embeddable":true,"href":"https:\/\/wsalbania.com\/index.php?rest_route=%2Fwp%2Fv2%2Fproduct_tag&post=2419"}],"curies":[{"name":"wp","href":"https:\/\/api.w.org\/{rel}","templated":true}]}}