{"id":2421,"date":"2022-11-13T12:01:26","date_gmt":"2022-11-13T12:01:26","guid":{"rendered":"https:\/\/angfuzsoft.com\/wordpress\/driller\/?post_type=product&#038;p=2421"},"modified":"2024-07-31T22:58:26","modified_gmt":"2024-07-31T22:58:26","slug":"rezervuar-septik-imhof","status":"publish","type":"product","link":"https:\/\/wsalbania.com\/?product=rezervuar-septik-imhof","title":{"rendered":"Rezervuar Septik Imhof"},"content":{"rendered":"<p>Gropa septike imhoff \u00ebsht\u00eb nj\u00eb rezervuar q\u00eb ka funksionin e nxitjes s\u00eb sedimentimit t\u00eb l\u00ebnd\u00ebve t\u00eb ngurta dhe grimcave \u00a0t\u00eb trasha t\u00eb pranishme brenda uj\u00ebrave t\u00eb zeza t\u00eb cilat mbeten n\u00eb fund t\u00eb rezervuarit.<\/p>\n<p>Rezervuari \u00ebsht\u00eb b\u00ebr\u00eb sipas markimit UNI EN 12566-1 CE dhe certifikimit DOP, \u00ebsht\u00eb\u00a0 i p\u00ebrshtatsh\u00ebm p\u00ebr trajtimin par\u00ebsor t\u00eb uj\u00ebrave t\u00eb zeza, si dhe i p\u00ebrshtatsh\u00ebm p\u00ebr shkarkim n\u00eb kanalizime publike ose trajtime t\u00eb m\u00ebvonshme.<\/p>\n","protected":false},"excerpt":{"rendered":"<p><strong>Modelet<\/strong><\/p>\n<table>\n<tbody>\n<tr>\n<td width=\"156\"><strong>Volumi <\/strong><strong style=\"font-family: inherit; font-size: inherit;\">litra<\/strong><\/td>\n<td width=\"156\"><strong>PE<\/strong><\/td>\n<td width=\"156\"><strong>P\u00ebrmasat <\/strong><strong style=\"font-family: inherit; font-size: inherit;\">cm<\/strong><\/td>\n<td width=\"156\"><strong>\u04aamimi <\/strong><strong style=\"font-family: inherit; font-size: inherit;\">euro<\/strong><\/td>\n<\/tr>\n<tr>\n<td width=\"156\"><strong>2.600<\/strong><\/td>\n<td width=\"156\"><strong>18<\/strong><\/td>\n<td width=\"156\"><strong>150 \u00a0x 150 \u00a0x 182<\/strong><\/td>\n<td width=\"156\"><strong>2.300<\/strong><\/td>\n<\/tr>\n<tr>\n<td width=\"156\"><strong>4500<\/strong><\/td>\n<td width=\"156\"><strong>32<\/strong><\/td>\n<td width=\"156\"><strong>195 x 195 x 178<\/strong><\/td>\n<td width=\"156\"><strong>3.765<\/strong><\/td>\n<\/tr>\n<tr>\n<td width=\"156\"><strong>5.600<\/strong><\/td>\n<td width=\"156\"><strong>40<\/strong><\/td>\n<td width=\"156\"><strong>230 x 230 x 188<\/strong><\/td>\n<td width=\"156\"><strong>5.125<\/strong><\/td>\n<\/tr>\n<tr>\n<td width=\"156\"><strong>17.650<\/strong><\/td>\n<td width=\"156\"><strong>126<\/strong><\/td>\n<td width=\"156\"><strong>620 x 210 x 234<\/strong><\/td>\n<td width=\"156\"><strong>18.115<\/strong><\/td>\n<\/tr>\n<\/tbody>\n<\/table>\n","protected":false},"featured_media":4881,"template":"","meta":[],"product_cat":[26],"product_tag":[],"class_list":{"0":"post-2421","1":"product","2":"type-product","3":"status-publish","4":"has-post-thumbnail","6":"product_cat-decor","8":"first","9":"instock","10":"sale","11":"shipping-taxable","12":"product-type-grouped"},"_links":{"self":[{"href":"https:\/\/wsalbania.com\/index.php?rest_route=\/wp\/v2\/product\/2421","targetHints":{"allow":["GET"]}}],"collection":[{"href":"https:\/\/wsalbania.com\/index.php?rest_route=\/wp\/v2\/product"}],"about":[{"href":"https:\/\/wsalbania.com\/index.php?rest_route=\/wp\/v2\/types\/product"}],"wp:featuredmedia":[{"embeddable":true,"href":"https:\/\/wsalbania.com\/index.php?rest_route=\/wp\/v2\/media\/4881"}],"wp:attachment":[{"href":"https:\/\/wsalbania.com\/index.php?rest_route=%2Fwp%2Fv2%2Fmedia&parent=2421"}],"wp:term":[{"taxonomy":"product_cat","embeddable":true,"href":"https:\/\/wsalbania.com\/index.php?rest_route=%2Fwp%2Fv2%2Fproduct_cat&post=2421"},{"taxonomy":"product_tag","embeddable":true,"href":"https:\/\/wsalbania.com\/index.php?rest_route=%2Fwp%2Fv2%2Fproduct_tag&post=2421"}],"curies":[{"name":"wp","href":"https:\/\/api.w.org\/{rel}","templated":true}]}}