{"id":2425,"date":"2022-11-13T12:05:44","date_gmt":"2022-11-13T12:05:44","guid":{"rendered":"https:\/\/angfuzsoft.com\/wordpress\/driller\/?post_type=product&#038;p=2425"},"modified":"2024-07-31T22:57:12","modified_gmt":"2024-07-31T22:57:12","slug":"ndares-yndyre-degrasator","status":"publish","type":"product","link":"https:\/\/wsalbania.com\/?product=ndares-yndyre-degrasator","title":{"rendered":"Ndar\u00ebs Yndyre (Degrasator)"},"content":{"rendered":"<p><strong>Funksioni dhe p\u00ebrdorimi<\/strong><\/p>\n<p>Ndar\u00ebsi i yndyr\u00ebs(degrasatori) p\u00ebrdoret p\u00ebr para-trajtimin e uj\u00ebrave t\u00eb zeza nga restorantet, mensat, kuzhinat, uj\u00ebra me sapun dhe t\u00eb ngjashme. \u00cbsht\u00eb n\u00eb gjendje t\u00eb heq\u00eb masat e materialit nga kombinimi vajra-yndyra-detergjent\u00eb.<\/p>\n<p>Ndar\u00ebsi i yndyr\u00ebs \u00ebsht\u00eb nj\u00eb rezervuar depozitimi n\u00eb t\u00eb cilin ndahen si materiali ashtu edhe uj\u00ebrat e zeza pezull. Grimcat e sedimentueshme mbeten n\u00eb fund t\u00eb vask\u00ebs.<\/p>\n<p>Rezervuari \u00ebsht\u00eb nd\u00ebrtuar n\u00eb p\u00ebrputhje me dispozitat e mark\u00ebs UNI EN 1825 1-2 CE dhe certifikimit PDO, i p\u00ebrshtatsh\u00ebm p\u00ebr trajtimin par\u00ebsor t\u00eb uj\u00ebrave t\u00eb verdh\u00eb dhe gri, i p\u00ebrshtatsh\u00ebm p\u00ebr shkarkim n\u00eb kanalizime publike ose p\u00ebr t&#8217;u d\u00ebrguar p\u00ebr trajtimet e m\u00ebvonshme.<\/p>\n","protected":false},"excerpt":{"rendered":"<p><strong>Modelet<\/strong><\/p>\n<table style=\"height: 244px;\" width=\"731\">\n<tbody>\n<tr>\n<td width=\"156\"><strong>Volumi <\/strong><strong style=\"font-family: inherit; font-size: inherit;\">Litra<\/strong><\/td>\n<td width=\"156\"><strong>PE<\/strong><\/td>\n<td width=\"156\"><strong>P\u00ebrmasat <\/strong><strong style=\"font-family: inherit; font-size: inherit;\">cm<\/strong><\/td>\n<td width=\"156\"><strong>\u04aamimi <\/strong><strong style=\"font-family: inherit; font-size: inherit;\">euro<\/strong><\/td>\n<\/tr>\n<tr>\n<td width=\"156\"><strong>320<\/strong><\/td>\n<td width=\"156\"><strong>16<\/strong><\/td>\n<td width=\"156\"><strong>70 x 80 x90<\/strong><\/td>\n<td width=\"156\"><strong>460<\/strong><\/td>\n<\/tr>\n<tr>\n<td width=\"156\"><strong>3020<\/strong><\/td>\n<td width=\"156\"><strong>100<\/strong><\/td>\n<td width=\"156\"><strong>165 x 165 x 173<\/strong><\/td>\n<td width=\"156\"><strong>2.655<\/strong><\/td>\n<\/tr>\n<tr>\n<td width=\"156\"><strong>11.880<\/strong><\/td>\n<td width=\"156\"><strong>340<\/strong><\/td>\n<td width=\"156\"><strong>440 x 210 x 234<\/strong><\/td>\n<td width=\"156\"><strong>10.080<\/strong><\/td>\n<\/tr>\n<tr>\n<td width=\"156\"><strong>13.360<\/strong><\/td>\n<td width=\"156\"><strong>380<\/strong><\/td>\n<td width=\"156\"><strong>465 x 210 x 234<\/strong><\/td>\n<td width=\"156\"><strong>11.500<\/strong><\/td>\n<\/tr>\n<\/tbody>\n<\/table>\n","protected":false},"featured_media":4872,"template":"","meta":[],"product_cat":[26],"product_tag":[],"class_list":{"0":"post-2425","1":"product","2":"type-product","3":"status-publish","4":"has-post-thumbnail","6":"product_cat-decor","8":"first","9":"instock","10":"shipping-taxable","11":"product-type-simple"},"_links":{"self":[{"href":"https:\/\/wsalbania.com\/index.php?rest_route=\/wp\/v2\/product\/2425","targetHints":{"allow":["GET"]}}],"collection":[{"href":"https:\/\/wsalbania.com\/index.php?rest_route=\/wp\/v2\/product"}],"about":[{"href":"https:\/\/wsalbania.com\/index.php?rest_route=\/wp\/v2\/types\/product"}],"wp:featuredmedia":[{"embeddable":true,"href":"https:\/\/wsalbania.com\/index.php?rest_route=\/wp\/v2\/media\/4872"}],"wp:attachment":[{"href":"https:\/\/wsalbania.com\/index.php?rest_route=%2Fwp%2Fv2%2Fmedia&parent=2425"}],"wp:term":[{"taxonomy":"product_cat","embeddable":true,"href":"https:\/\/wsalbania.com\/index.php?rest_route=%2Fwp%2Fv2%2Fproduct_cat&post=2425"},{"taxonomy":"product_tag","embeddable":true,"href":"https:\/\/wsalbania.com\/index.php?rest_route=%2Fwp%2Fv2%2Fproduct_tag&post=2425"}],"curies":[{"name":"wp","href":"https:\/\/api.w.org\/{rel}","templated":true}]}}