{"id":4893,"date":"2024-07-31T21:03:09","date_gmt":"2024-07-31T21:03:09","guid":{"rendered":"https:\/\/wsalbania.com\/?post_type=product&#038;p=4893"},"modified":"2024-07-31T21:03:10","modified_gmt":"2024-07-31T21:03:10","slug":"impiant-me-mbajtje-konstante-te-llumit-aktiv","status":"publish","type":"product","link":"https:\/\/wsalbania.com\/?product=impiant-me-mbajtje-konstante-te-llumit-aktiv","title":{"rendered":"Impiant me Mbajtje Konstante t\u00eb Llumit Aktiv"},"content":{"rendered":"<p>Impiant me Mbajtje Konstante t\u00eb Llumit Aktiv ka funksionin e trajtimit n\u00eb m\u00ebnyr\u00eb t\u00eb plot\u00eb p\u00ebr uj\u00ebrat e zeza dhe n\u00eb p\u00ebrgjith\u00ebsi p\u00ebrdoret p\u00ebr p\u00ebrdoruesit q\u00eb kan\u00eb shkarkime t\u00eb rregullta gjat\u00eb gjith\u00eb dit\u00ebs. Ai p\u00ebrb\u00ebhet nga tre ndarje: e para ka funksionin e sedimentimit primar dhe barazimi i shpejt\u00ebsis\u00eb s\u00eb rrjedhjes q\u00eb lejon ushqimin e seksioni dyt\u00ebsor me prurje konstante duke shmangur kulmin ngarkes\u00ebs hidraulike, e dyta e trajtimit biologjik t\u00eb substancave organike duke p\u00ebrdorur llum aktiv\u00a0 pezull me fryrje t\u00eb ajrit, nd\u00ebrsa e treta ka funksionin e sedimentimit dyt\u00ebsor dhe pastrimin e uj\u00ebrave t\u00eb zeza. N\u00eb ndarjen e tret\u00eb ka p\u00ebrgjith\u00ebsisht nj\u00eb sistem p\u00ebr riqarkullimi i llumit. Uj\u00ebrat e verdh\u00eb dhe gri, p\u00ebrpara se t\u00eb\u00a0 futen n\u00eb impiant duhet t\u00eb trajtohet paraprakisht n\u00eb nj\u00eb ndar\u00ebs t\u00eb ve\u00e7ant\u00eb yndyre(degrasator).<\/p>\n<p>Shpejt\u00ebsi konstante rrjedhjeje me nj\u00eb pomp\u00eb nj\u00ebfazore drejt faz\u00ebs tjet\u00ebr t\u00eb oksidimit t\u00eb uj\u00ebrave t\u00eb zeza q\u00eb arrihet me difuzionin e ajrit me flluska t\u00eb im\u00ebta t\u00eb prodhuara nga\u00a0 nga nj\u00eb ventilator an\u00ebsor dhe nj\u00eb faz\u00eb sedimentimi sekondar me pomp\u00eb zhyt\u00ebse nj\u00ebfazore p\u00ebr riqarkullimin e llumit n\u00eb krye t\u00eb impiantit.<\/p>\n<p>P\u00ebrfshihet gjithashtu furnizimi me nj\u00eb panel kontrolli elektrik me koh\u00eb p\u00ebr kontrollin e pajisjeve elektromekanike.<\/p>\n<p>Sistemi ka p\u00ebrmasa sipas standardeve UNI EN 12566-3<\/p>\n","protected":false},"excerpt":{"rendered":"<table>\n<tbody>\n<tr>\n<td width=\"156\"><strong>Volumi <\/strong><strong style=\"font-family: inherit; font-size: inherit;\">litra<\/strong><\/td>\n<td width=\"156\"><strong>PE<\/strong><\/td>\n<td width=\"156\"><strong>P\u00ebrmasat <\/strong><strong style=\"font-family: inherit; font-size: inherit;\">cm<\/strong><\/td>\n<td width=\"156\"><strong>\u04aamimi <\/strong><strong style=\"font-family: inherit; font-size: inherit;\">euro<\/strong><\/td>\n<\/tr>\n<tr>\n<td width=\"156\">17.650<\/td>\n<td width=\"156\"><strong>60<\/strong><\/td>\n<td width=\"156\"><strong>620 \u00a0x 210 \u00a0x 234<\/strong><\/td>\n<td width=\"156\"><strong>24.570<\/strong><\/td>\n<\/tr>\n<tr>\n<td width=\"156\"><strong>24.900<\/strong><\/td>\n<td width=\"156\"><strong>90<\/strong><\/td>\n<td width=\"156\"><strong>825 x 210 x 234<\/strong><\/td>\n<td width=\"156\"><strong>35.595<\/strong><\/td>\n<\/tr>\n<tr>\n<td width=\"156\"><strong>35.060<\/strong><\/td>\n<td width=\"156\"><strong>140<\/strong><\/td>\n<td width=\"156\"><strong>1.160 x 210 x 234<\/strong><\/td>\n<td width=\"156\"><strong>46.935<\/strong><\/td>\n<\/tr>\n<tr>\n<td width=\"156\"><strong>40.730<\/strong><\/td>\n<td width=\"156\"><strong>160<\/strong><\/td>\n<td width=\"156\"><strong>1340 x 210 x 234<\/strong><\/td>\n<td width=\"156\"><strong>57.015<\/strong><\/td>\n<\/tr>\n<\/tbody>\n<\/table>\n","protected":false},"featured_media":4894,"template":"","meta":[],"product_cat":[15],"product_tag":[],"class_list":{"0":"post-4893","1":"product","2":"type-product","3":"status-publish","4":"has-post-thumbnail","6":"product_cat-uncategorized","8":"first","9":"instock","10":"shipping-taxable","11":"product-type-simple"},"_links":{"self":[{"href":"https:\/\/wsalbania.com\/index.php?rest_route=\/wp\/v2\/product\/4893","targetHints":{"allow":["GET"]}}],"collection":[{"href":"https:\/\/wsalbania.com\/index.php?rest_route=\/wp\/v2\/product"}],"about":[{"href":"https:\/\/wsalbania.com\/index.php?rest_route=\/wp\/v2\/types\/product"}],"wp:featuredmedia":[{"embeddable":true,"href":"https:\/\/wsalbania.com\/index.php?rest_route=\/wp\/v2\/media\/4894"}],"wp:attachment":[{"href":"https:\/\/wsalbania.com\/index.php?rest_route=%2Fwp%2Fv2%2Fmedia&parent=4893"}],"wp:term":[{"taxonomy":"product_cat","embeddable":true,"href":"https:\/\/wsalbania.com\/index.php?rest_route=%2Fwp%2Fv2%2Fproduct_cat&post=4893"},{"taxonomy":"product_tag","embeddable":true,"href":"https:\/\/wsalbania.com\/index.php?rest_route=%2Fwp%2Fv2%2Fproduct_tag&post=4893"}],"curies":[{"name":"wp","href":"https:\/\/api.w.org\/{rel}","templated":true}]}}