{"id":4895,"date":"2024-07-31T21:04:11","date_gmt":"2024-07-31T21:04:11","guid":{"rendered":"https:\/\/wsalbania.com\/?post_type=product&#038;p=4895"},"modified":"2024-07-31T21:04:11","modified_gmt":"2024-07-31T21:04:11","slug":"biosmart","status":"publish","type":"product","link":"https:\/\/wsalbania.com\/?product=biosmart","title":{"rendered":"Biosmart"},"content":{"rendered":"<p>Impianti BIOSMART Starplast p\u00ebrdoret p\u00ebr trajtimin e avancuar t\u00eb ujit, mbetjet q\u00eb vijn\u00eb nga nd\u00ebrtesat e banimit dhe b\u00ebhen n\u00eb nj\u00eb produkt t\u00eb vet\u00ebm. Brenda ndodhet seksioni primar i sedimentimit anaerobik i cili m\u00eb pas lidhet n\u00eb zon\u00ebn e perkolimit (zona anoksike) n\u00eb t\u00eb cilin p\u00ebrcillet edhe riqarkullimi sekondar. Hapi tjet\u00ebr ndodh n\u00eb seksionin e shtratit lundrues t\u00eb quajtur MBBR i cili \u00ebsht\u00eb nj\u00eb reaktor biologjik brenda t\u00eb cilit mikroorganizmat, t\u00eb cil\u00ebt kryejn\u00eb pastrimin e uj\u00ebrave t\u00eb zeza, zhvillohen n\u00eb sip\u00ebrfaqe<\/p>\n<p>t\u00eb trupave t\u00eb posa\u00e7\u00ebm mbush\u00ebs. Kalimi i m\u00ebtejsh\u00ebm i uj\u00ebrave t\u00eb zeza n\u00eb nj\u00eb zon\u00eb t\u00eb qet\u00eb, lejon grumbullimin dhe sedimentimin e grimcave dhe e kthen at\u00eb n\u00ebp\u00ebrmjet ngritjes me aj\u00ebr n\u00eb krye t\u00eb impiantit.<\/p>\n<p>Pastruesi \u00ebsht\u00eb nj\u00eb monobllok me faz\u00ebn e sedimentimit primar, faze para-denitrifikimi me trupa mbush\u00ebs, faza e oksidimit t\u00eb uj\u00ebrave t\u00eb zeza n\u00eb shtrat lundrues me bart\u00ebs t\u00eb l\u00ebvizur nga shp\u00ebrndar\u00ebs ajri me flluska t\u00eb holla t\u00eb prodhuara nga kompresori dhe faza e sedimentimit dyt\u00ebsor me sistem ngritjeje ajrore p\u00ebr riqarkullim. \u00cbsht\u00eb i p\u00ebrfshir\u00eb gjithashtu\u00a0 nj\u00eb panel elektrik kontrolli me koh\u00ebmat\u00ebs p\u00ebr funksionim pajisje elektromekanike. Ato jan\u00eb n\u00eb gjeneratorin e sip\u00ebrm t\u00eb vask\u00ebs<\/p>\n<p>Impianti \u00a0ka p\u00ebrmasa sipas standardeve UNI EN 12566-1\/3.<\/p>\n","protected":false},"excerpt":{"rendered":"<table>\n<tbody>\n<tr>\n<td width=\"156\"><strong>Volumi <\/strong><strong style=\"font-family: inherit; font-size: inherit;\">litra<\/strong><\/td>\n<td width=\"156\"><strong>PE<\/strong><\/td>\n<td width=\"156\"><strong>P\u00ebrmasat <\/strong><strong style=\"font-family: inherit; font-size: inherit;\">cm<\/strong><\/td>\n<td width=\"156\"><strong>\u04aamimi <\/strong><strong style=\"font-family: inherit; font-size: inherit;\">euro<\/strong><\/td>\n<\/tr>\n<tr>\n<td width=\"156\">3650<\/td>\n<td width=\"156\"><strong>8<\/strong><\/td>\n<td width=\"156\"><strong>371 \u00a0x 125 \u00a0x 134<\/strong><\/td>\n<td width=\"156\"><strong>12.750<\/strong><\/td>\n<\/tr>\n<tr>\n<td width=\"156\"><strong>6.350<\/strong><\/td>\n<td width=\"156\"><strong>12<\/strong><\/td>\n<td width=\"156\"><strong>632 x 125 x 134<\/strong><\/td>\n<td width=\"156\"><strong>17.850<\/strong><\/td>\n<\/tr>\n<tr>\n<td width=\"156\"><strong>7.990<\/strong><\/td>\n<td width=\"156\"><strong>16<\/strong><\/td>\n<td width=\"156\"><strong>415 x 176 x 186<\/strong><\/td>\n<td width=\"156\"><strong>25.350<\/strong><\/td>\n<\/tr>\n<tr>\n<td width=\"156\"><strong>10.450<\/strong><\/td>\n<td width=\"156\"><strong>20<\/strong><\/td>\n<td width=\"156\"><strong>535 x 176 x 186<\/strong><\/td>\n<td width=\"156\"><strong>32.250<\/strong><\/td>\n<\/tr>\n<\/tbody>\n<\/table>\n","protected":false},"featured_media":4896,"template":"","meta":[],"product_cat":[15],"product_tag":[],"class_list":{"0":"post-4895","1":"product","2":"type-product","3":"status-publish","4":"has-post-thumbnail","6":"product_cat-uncategorized","8":"first","9":"instock","10":"shipping-taxable","11":"product-type-simple"},"_links":{"self":[{"href":"https:\/\/wsalbania.com\/index.php?rest_route=\/wp\/v2\/product\/4895","targetHints":{"allow":["GET"]}}],"collection":[{"href":"https:\/\/wsalbania.com\/index.php?rest_route=\/wp\/v2\/product"}],"about":[{"href":"https:\/\/wsalbania.com\/index.php?rest_route=\/wp\/v2\/types\/product"}],"wp:featuredmedia":[{"embeddable":true,"href":"https:\/\/wsalbania.com\/index.php?rest_route=\/wp\/v2\/media\/4896"}],"wp:attachment":[{"href":"https:\/\/wsalbania.com\/index.php?rest_route=%2Fwp%2Fv2%2Fmedia&parent=4895"}],"wp:term":[{"taxonomy":"product_cat","embeddable":true,"href":"https:\/\/wsalbania.com\/index.php?rest_route=%2Fwp%2Fv2%2Fproduct_cat&post=4895"},{"taxonomy":"product_tag","embeddable":true,"href":"https:\/\/wsalbania.com\/index.php?rest_route=%2Fwp%2Fv2%2Fproduct_tag&post=4895"}],"curies":[{"name":"wp","href":"https:\/\/api.w.org\/{rel}","templated":true}]}}