{"id":4909,"date":"2024-07-31T21:12:48","date_gmt":"2024-07-31T21:12:48","guid":{"rendered":"https:\/\/wsalbania.com\/?post_type=product&#038;p=4909"},"modified":"2024-07-31T21:12:48","modified_gmt":"2024-07-31T21:12:48","slug":"impiant-fitodepurimi-horizontal","status":"publish","type":"product","link":"https:\/\/wsalbania.com\/?product=impiant-fitodepurimi-horizontal","title":{"rendered":"Impiant Fitodepurimi horizontal"},"content":{"rendered":"","protected":false},"excerpt":{"rendered":"<p>Impianti i fitopurifikimit me rrjedhje horizontale ka funksionin e trajtimit n\u00eb\u00a0 m\u00ebnyr\u00eb t\u00eb plot\u00ebson uj\u00ebrat e ndotura t\u00eb shkarkuara. Ai p\u00ebrb\u00ebhet nga nj\u00eb rezervuar i par\u00eb i sedimentimit primar (Imhoff) dhe nga nj\u00eb s\u00ebr\u00eb pellgjesh t\u00eb lidhur hidraulikisht n\u00eb t\u00eb cil\u00ebt vendosen\u00a0 esenca bimore.<\/p>\n<p>Uji I verdh\u00eb dhe gri duhet t\u00eb trajtohet paraprakisht. N\u00eb p\u00ebrgjith\u00ebsi p\u00ebrdoret p\u00ebr sht\u00ebpi t\u00eb izoluara dhe sh\u00ebrbime t\u00eb vogla.<\/p>\n<p>Madh\u00ebsia e\u00a0 impiantit me sipas standardeve UNI EN 12566-1.<\/p>\n","protected":false},"featured_media":4910,"template":"","meta":[],"product_cat":[15],"product_tag":[],"class_list":{"0":"post-4909","1":"product","2":"type-product","3":"status-publish","4":"has-post-thumbnail","6":"product_cat-uncategorized","8":"first","9":"instock","10":"shipping-taxable","11":"product-type-simple"},"_links":{"self":[{"href":"https:\/\/wsalbania.com\/index.php?rest_route=\/wp\/v2\/product\/4909","targetHints":{"allow":["GET"]}}],"collection":[{"href":"https:\/\/wsalbania.com\/index.php?rest_route=\/wp\/v2\/product"}],"about":[{"href":"https:\/\/wsalbania.com\/index.php?rest_route=\/wp\/v2\/types\/product"}],"wp:featuredmedia":[{"embeddable":true,"href":"https:\/\/wsalbania.com\/index.php?rest_route=\/wp\/v2\/media\/4910"}],"wp:attachment":[{"href":"https:\/\/wsalbania.com\/index.php?rest_route=%2Fwp%2Fv2%2Fmedia&parent=4909"}],"wp:term":[{"taxonomy":"product_cat","embeddable":true,"href":"https:\/\/wsalbania.com\/index.php?rest_route=%2Fwp%2Fv2%2Fproduct_cat&post=4909"},{"taxonomy":"product_tag","embeddable":true,"href":"https:\/\/wsalbania.com\/index.php?rest_route=%2Fwp%2Fv2%2Fproduct_tag&post=4909"}],"curies":[{"name":"wp","href":"https:\/\/api.w.org\/{rel}","templated":true}]}}